{"id":772,"date":"2020-05-31T18:34:18","date_gmt":"2020-05-31T15:34:18","guid":{"rendered":"https:\/\/www.dianisealodge.de\/?page_id=772"},"modified":"2020-07-17T00:03:24","modified_gmt":"2020-07-16T21:03:24","slug":"wefocus","status":"publish","type":"page","link":"https:\/\/www.dianisealodge.de\/de\/wefocus-de\/","title":{"rendered":"#wefocus"},"content":{"rendered":"<p>In unseren Hotels ist die Gesundheit und Sicherheit unsere Gaeste und Mitarbeiter immer an erster Stelle gestanden. COVID-19 hat jede Facette unseres Lebens veraendert.\u00a0 Wir sind bestrebt Ihnen zu jeder Zeit wunderbare Urlaubserlebnisse zu bieten. Dieses wollen wir durch verantwortungsbewusste Praktiken sicherstellen, selbst unter diesen schwierigen Umst\u00e4nden. Diese verbesserten Protokolle werden basierend auf den Anforderungen und Empfehlungen der WHO und des MOH (Minestry of Health\/Gesundheitsamt) staendig angepasst, um die Sicherheit und Sicherheit aller unserer G\u00e4ste von der Ankunft bis zur Abreise zu gew\u00e4hrleisten.<\/p>\n<p>Um weiterhin den hoechsten Sicherheits- und Gesundheitsstandards gerecht zu werden haben wir unsere Reinigungsprozesse ueberarbeitet und neue Prozesse und Ablaeufe eingefuehrt. Diese neue Initiative, die Ihre Gesundheit, Sicherheit aber auch Ihren Komfort gewaehrleisten soll, haben wir #WeFocus benannt.<\/p>\n<p>#WeFocus ber\u00fchrt alle Ablauefe unseres Hotelbetriebs. Die \u00fcberarbeiteten Protokollen schliessen Verbesserungen fuer die Warenannahme in unserem Lager, in unsere Bueros, bei der \u201eLaundry\u201c , beim Empfang, bis hin zu \u00f6ffentlichen Bereichen in denen wir die Desinfektionsma\u00dfnahmen f\u00fcr G\u00e4stegep\u00e4ck, oeffentliche Plaetze und den Zimmerservice ein.<\/p>\n<p>Covid-19 wird so schnell nicht aus unserem Leben verschwinden. Es ist wichtig, dass wir uns darauf fokussieren, dass wir jeden schuetzen der bei uns bleibt, bei uns arbeitet oder uns beliefert. Nur so koennen wir unsere Tueren in dieser neuen Zeit oeffen.<\/p>\n<p>Bitte laden Sie das Formular herunter. Sie koennen es ausgefuellt beim Check-In abegeben. Sie reduzieren somit Ihre Zeit bei Check-in und helfen uns COVID Massnahmen einzuhalten.<\/p>\n<p><a href=\"https:\/\/www.dianisealodge.de\/media\/2020\/07\/DSL-Anmeldung-German.rtf\">DSL-Anmeldung-German.rtf<\/a><\/p>\n<p>Unten finden Sie teile unsere neuen #WeFocus Initiative:<\/p>\n<p>&nbsp;<\/p>\n<p><center><img loading=\"lazy\" decoding=\"async\" class=\"wp-image-785 size-medium aligncenter\" src=\"https:\/\/www.dianisearesort.de\/media\/2020\/05\/wefocus1-300x150.jpg\" alt=\"\" width=\"300\" height=\"150\" \/><\/center><\/p>\n<h5 style=\"text-align: center;\">Lieferanten\/Mitarbeiter<\/h5>\n<p style=\"text-align: center;\">T\u00e4gliches Gesundheits-Screening, einschlie\u00dflich Temperaturkontrollen; H\u00e4ufigere Desinfektion aller \u00f6ffentlichen Bereiche; Alle Hotelangestellten m\u00fcssen ihre H\u00e4nde waehrend Tages haeufig waschen und beim Betreten \/ Verlassen des Hotels desinfizieren. Gr\u00fcndliche Umschulung in Bezug auf angemessene Hygiene und bew\u00e4hrte Verfahren sowie ordnungsgem\u00e4\u00dfe Verwendung von pers\u00f6nlicher Schutzausr\u00fcstung (PSA);<\/p>\n<p>&nbsp;<\/p>\n<p><center><img loading=\"lazy\" decoding=\"async\" class=\"size-medium wp-image-786 aligncenter\" src=\"https:\/\/www.dianisearesort.de\/media\/2020\/05\/wefocus2-300x220.jpg\" alt=\"\" width=\"300\" height=\"220\" \/><\/center><\/p>\n<h5 style=\"text-align: center;\">Sauberkeit<\/h5>\n<p style=\"text-align: center;\">Erh\u00f6hte Frequenz der Desinfektion. H\u00e4nde-Desinfektionsmittel wurden in allen Bereichen des Hauses wie Rezeption, \u00f6ffentlichen Toiletten, G\u00e4stekorridoren, B\u00fcros, K\u00fcche und Schlie\u00dff\u00e4chern des Personals platziert. Desinfektion von Theken, T\u00fcrkn\u00f6pfen, M\u00f6beln und Treppen alle 30 Minuten f\u00fcr Hochfrequenzbereiche; Erh\u00f6hte Reinigung von Klimaanlagen und Luftfiltern.<\/p>\n<p>&nbsp;<\/p>\n<p><center><img loading=\"lazy\" decoding=\"async\" class=\"size-medium wp-image-787 aligncenter\" src=\"https:\/\/www.dianisearesort.de\/media\/2020\/05\/wefocus3-300x150.jpg\" alt=\"\" width=\"300\" height=\"150\" \/><\/center><\/p>\n<h5 style=\"text-align: center;\">Soziale Distanz<\/h5>\n<p style=\"text-align: center;\">Beschilderungen und Abstandsindikatoren werden im gesamten Hotel in stark frequentierten Bereichen verwendet, um eine angemessene soziale Distanzierung zu erm\u00f6glichen und zu f\u00f6rdern. Sowohl die Bestuhlung in den Restaurants und Bars als auch die in der Personalkantien entsprechen nun den Anforderungen der soziale Distanzierung von 2 Metern.<\/p>\n<p>&nbsp;<\/p>\n<p><center><img loading=\"lazy\" decoding=\"async\" class=\"size-medium wp-image-788 aligncenter\" src=\"https:\/\/www.dianisearesort.de\/media\/2020\/05\/wefocus4-300x150.jpg\" alt=\"\" width=\"300\" height=\"150\" \/><\/center><\/p>\n<h5 style=\"text-align: center;\">Essen &amp;Trinken<\/h5>\n<p style=\"text-align: center;\">An den Buffets werden Sie von Mitarbeitern serviert werden (keine Selbstbedienung).Alle unsere Mitarbeitern servieren mit Maske; Die Sitzplatzkapazit\u00e4t wird reduziert und auf die Terrassenbereiche erweitert. Die \u00d6ffnungszeiten des Restaurants werden so angepasst, dass alle G\u00e4ste in angemessener Entfernung von anderen G\u00e4sten sitzen und in Ruhe speisen k\u00f6nnen. Bestellungen f\u00fcr den Zimmerservice werden gem\u00e4\u00df den Richtlinien f\u00fcr soziale Entfernungen geliefert und au\u00dferhalb des Zimmers platziert.<\/p>\n<p>&nbsp;<\/p>\n<p><center><img loading=\"lazy\" decoding=\"async\" class=\"size-medium wp-image-789 aligncenter\" src=\"https:\/\/www.dianisearesort.de\/media\/2020\/05\/wefocus5-300x150.jpg\" alt=\"\" width=\"300\" height=\"150\" \/><\/center><\/p>\n<h5 style=\"text-align: center;\">Ihre Ankunft<\/h5>\n<p style=\"text-align: center;\">Alle Hotelg\u00e4ste und ihre Besucher werden beim Betreten \/ Verlassen des Hotels gem\u00e4\u00df den MOH-Richtlinien auf erhoehte Temperatur \u00fcberpr\u00fcft. Alle Hotelg\u00e4ste und ihre Besucher m\u00fcssen beim Betreten \/ Verlassen des Hotels und vor dem Betreten des Restaurants und der Bar ihre H\u00e4nde desinfizieren. Das Hotel bietet vor der Ankunft \/ Abreise einen Check-in \/ Check-out online an, um Warteschlangen zu vermeiden und sozialen Abstand zu erm\u00f6glichen.<\/p>\n<p>&nbsp;<\/p>\n<p><center><img loading=\"lazy\" decoding=\"async\" class=\"size-medium wp-image-790 aligncenter\" src=\"https:\/\/www.dianisearesort.de\/media\/2020\/05\/wefocus6-300x150.jpg\" alt=\"\" width=\"300\" height=\"150\" \/><\/center><\/p>\n<h5 style=\"text-align: center;\">Restaurants &amp; Bars<\/h5>\n<p style=\"text-align: center;\">Alle Reinigungs- und Desinfektionsma\u00dfnahmen folgen den Richtlinien der HACCP, WHO und MOH. K\u00fcchen werden h\u00e4ufiger tiefengereinigt und desinfiziert, zusaetzlich zu der Reinigung von Essenszubereitungsstationen nach jedem Gebrauch. Alle Esstische, St\u00fchle und M\u00f6bel in den oeffentlichen Bereichen werden nach jedem Gebrauch des Gastes desinfiziert.<\/p>\n<p>&nbsp;<\/p>\n<p><center><img loading=\"lazy\" decoding=\"async\" class=\"size-medium wp-image-791 aligncenter\" src=\"https:\/\/www.dianisearesort.de\/media\/2020\/05\/wefocus7-300x150.jpg\" alt=\"\" width=\"300\" height=\"150\" \/><\/center><\/p>\n<h5 style=\"text-align: center;\">Anderes und Zusatzleistungen<\/h5>\n<p style=\"text-align: center;\">Animations-Gadgets werden nach jeder Verwendung bereinigt, und die Verwendung durch einzelne G\u00e4ste wird dringend empfohlen. Poolm\u00f6bel werden f\u00fcr eine angemessene soziale Distanzierung arrangiert; Gr\u00fcndliche Desinfektion von Ger\u00e4ten in Fitnesscentern mit begrenzten Kapazit\u00e4ten.<\/p>\n<p>&nbsp;<\/p>\n<p><center><img loading=\"lazy\" decoding=\"async\" class=\"size-medium wp-image-792 aligncenter\" src=\"https:\/\/www.dianisearesort.de\/media\/2020\/05\/wefocus8-300x150.jpg\" alt=\"\" width=\"300\" height=\"150\" \/><\/center><\/p>\n<h5 style=\"text-align: center;\">Verkehrsfluss<\/h5>\n<p style=\"text-align: center;\">Stark frequentierte Bereiche werden als \u201eEinbahnstra\u00dfen\u201c ausgewiesen, sofern dies praktikabel ist. An allen Standorten werden Informationsschilder angebracht, um Informationen wie Empfehlungen, Gesundheitswarnungen und Richtlinien des MOH zu \u00fcbermitteln.<\/p>\n<p>&nbsp;<\/p>\n<p><center><img loading=\"lazy\" decoding=\"async\" class=\"size-medium wp-image-793 aligncenter\" src=\"https:\/\/www.dianisearesort.de\/media\/2020\/05\/wefocus9-300x150.jpg\" alt=\"\" width=\"300\" height=\"150\" \/><\/center><\/p>\n<h5 style=\"text-align: center;\">Spa<\/h5>\n<p style=\"text-align: center;\">Reduzierte Kapazit\u00e4tsgrenzen und Planungs\u00e4nderungen; Das Tragen einer Maske ist erforderlich. Strenge Reinigung und Desinfektion nach jedem Service; Modifiziertes Behandlungsprotokoll zur Gew\u00e4hrleistung der Sicherheit von G\u00e4sten und Mitarbeitern.<\/p>\n<p>&nbsp;<\/p>\n<p><center><img loading=\"lazy\" decoding=\"async\" class=\"size-medium wp-image-794 aligncenter\" src=\"https:\/\/www.dianisearesort.de\/media\/2020\/05\/wefocus10-300x150.jpg\" alt=\"\" width=\"300\" height=\"150\" \/><\/center><\/p>\n<h5 style=\"text-align: center;\">Zimmer<\/h5>\n<p style=\"text-align: center;\">Gr\u00fcndliche Reinigung und Desinfektion der G\u00e4stezimmer; Alle unsere R\u00e4ume werden mit der h\u00f6chsten von WHO und MOH empfohlenen Desinfektionsmittelklasse zur Desinfektion von Oberfl\u00e4chen bespr\u00fcht. Einweg-Annehmlichkeiten in jedem Zimmer; Angeforderte Artikel werden kontaktlos geliefert.<\/p>\n<h5 style=\"text-align: center;\"><img loading=\"lazy\" decoding=\"async\" class=\"alignnone size-medium wp-image-797\" src=\"https:\/\/www.dianisearesort.de\/media\/2020\/06\/dbh-logo-300x175.jpg\" alt=\"\" width=\"300\" height=\"175\" \/><br \/>\n&#8222;Medizinische Versorgung in Diani<\/h5>\n<p style=\"text-align: center;\">We arbeiten mit Diani Beach Hospital zusammen. Hier ist eine kurze<br \/>\nZusammenfassung des Krankenhauses:<\/p>\n<p>Diani Beach Hospital is a prestigious private medical facility close to Diani Sea Resort and Diani Sea Lodge. The hospital has been operational since 1997 and has established itself as the premier private healthcare facility in Kwale County. The current COVID-19 pandemic has naturally raised some issues about the ability of hospitals to handle such cases should the need arise. We are fully equipped to deal with any such patients should the need arise. The following details summarize our capabilities to help address any queries that arise in the current scenario.<\/p>\n<p>Facilities at the hospital include:<\/p>\n<p>\u2022 24 hour out-patient clinics run by professional and qualified Physicians, Medical and Clinical Officers.<\/p>\n<p>\u2022 In-patient facilities ranging from luxurious en-suite private rooms to semi-private rooms and general wards.<\/p>\n<p>\u2022 Ability to isolate patients diagnosed with COVID-19 so that there is no cross contamination and spread of the infection to non-COVID-19 patients.<\/p>\n<p>\u2022 For critical cases we have a 3 bed ICU which is one of the best in the region with ventilators, piped Oxygen supply, defibrillators, and a range of emergency medications which are fully stocked at all times.<\/p>\n<p>\u2022 Ground ambulance \u2013 Fully equipped Advanced Cardiac Care ambulance to help in ground evacuation of sick and critically unwell patients.<\/p>\n<p>\u2022 2 major operation theatres \u2013 although we don\u2019t expect COVID-19 patients to be undergoing any major surgery.<\/p>\n<p>\u2022 Partnership with a leading private laboratory in Mombasa for testing and diagnosis of COVID-19 cases.<br \/>\nProfile of doctors\/staff:<\/p>\n<p>\u2022 Dr A B Tiwari, MBBS, MD (Anesthesia): Dr Tiwari has over 28 years experience as an Anesthetist and Intensivist. He is the key person in ICU and is able to quickly intubate and place on ventilators patients in need of this part of management.<\/p>\n<p>\u2022 Dr Rajgopal. V, MBBS, MBA, FAM, MRCP (UK), MRCPE, MRCP (Lon.): Resident Internal Medicine Consultant with over 20 years experience. In charge of medical management of COVID-19 diagnosed patients.<\/p>\n<p>\u2022 Dr Rekhi K S, MBBS: CEO and Medical Director in charge of the overall running of the hospital and ensuring that all necessary supplies are in stock and the departments function together as a team during critical care.<\/p>\n<p>\u2022 Mr. Tinu Jose: In charge of the ICU and handling of critically ill COVID-19 patients.<\/p>\n<p>\u2022 Ms. Rehana: Matron of the hospital in charge of the nursing team.<\/p>\n<p>\u2022 Visiting consultants in the departments of Internal Medicine and Critical care for support during increased work load.<\/p>\n<p>\u2022 5 qualified Medical Officers and 25 Clinical Officers to ensure medical coverage in the OPD and in-patient sectors.<\/p>\n<p>Our staff have ready access to full range of Personal Protective Equipment (PPE) and this is critical for handling COVID-19 patients.<br \/>\nHospital details:<\/p>\n<p>\u2022 Website: www.dianibeachhospital.com and www.dianihospital.com.<\/p>\n<p>\u2022 Email: info@dbh.co.ke, dr.rekhi@dbh.co.ke and dr.rajgopal@dbh.co.ke.<\/p>\n<p>\u2022 Emergency phone numbers: +254700999999.<\/p>\n<p>Best Regards.<\/p>\n<p>Dr Rajgopal. V, MBBS, MBA, FAM, MRCP (UK), MRCPE, MRCP (Lon.)<\/p>","protected":false},"excerpt":{"rendered":"<p>In unseren Hotels ist die Gesundheit und Sicherheit unsere Gaeste und Mitarbeiter immer an erster Stelle gestanden. COVID-19 hat jede Facette unseres Lebens veraendert.\u00a0 Wir sind bestrebt Ihnen zu jeder Zeit wunderbare Urlaubserlebnisse zu bieten. Dieses wollen wir durch verantwortungsbewusste Praktiken sicherstellen, selbst unter diesen schwierigen Umst\u00e4nden. Diese verbesserten Protokolle werden basierend auf den Anforderungen [&hellip;]<\/p>\n","protected":false},"author":2,"featured_media":0,"parent":0,"menu_order":0,"comment_status":"closed","ping_status":"closed","template":"","meta":{"_acf_changed":false,"footnotes":""},"class_list":["post-772","page","type-page","status-publish","hentry"],"acf":[],"yoast_head":"<!-- This site is optimized with the Yoast SEO plugin v27.4 - https:\/\/yoast.com\/product\/yoast-seo-wordpress\/ -->\n<title>#wefocus - Diani Sea Lodge<\/title>\n<meta name=\"robots\" content=\"index, follow, max-snippet:-1, max-image-preview:large, max-video-preview:-1\" \/>\n<link rel=\"canonical\" href=\"https:\/\/www.dianisealodge.de\/wefocus\/\" \/>\n<meta property=\"og:locale\" content=\"de_DE\" \/>\n<meta property=\"og:type\" content=\"article\" \/>\n<meta property=\"og:title\" content=\"#wefocus - Diani Sea Lodge\" \/>\n<meta property=\"og:description\" content=\"In unseren Hotels ist die Gesundheit und Sicherheit unsere Gaeste und Mitarbeiter immer an erster Stelle gestanden. COVID-19 hat jede Facette unseres Lebens veraendert.\u00a0 Wir sind bestrebt Ihnen zu jeder Zeit wunderbare Urlaubserlebnisse zu bieten. Dieses wollen wir durch verantwortungsbewusste Praktiken sicherstellen, selbst unter diesen schwierigen Umst\u00e4nden. Diese verbesserten Protokolle werden basierend auf den Anforderungen [&hellip;]\" \/>\n<meta property=\"og:url\" content=\"https:\/\/www.dianisealodge.de\/wefocus\/\" \/>\n<meta property=\"og:site_name\" content=\"Diani Sea Lodge\" \/>\n<meta property=\"article:publisher\" content=\"https:\/\/web.facebook.com\/DianiSeaLodge\/\" \/>\n<meta property=\"article:modified_time\" content=\"2020-07-16T21:03:24+00:00\" \/>\n<meta property=\"og:image\" content=\"https:\/\/www.dianisearesort.de\/media\/2020\/05\/wefocus1-300x150.jpg\" \/>\n<meta name=\"twitter:card\" content=\"summary_large_image\" \/>\n<meta name=\"twitter:site\" content=\"@DianiSeaLodge\" \/>\n<meta name=\"twitter:label1\" content=\"Gesch\u00e4tzte Lesezeit\" \/>\n\t<meta name=\"twitter:data1\" content=\"12\u00a0Minuten\" \/>\n<script type=\"application\/ld+json\" class=\"yoast-schema-graph\">{\"@context\":\"https:\\\/\\\/schema.org\",\"@graph\":[{\"@type\":\"WebPage\",\"@id\":\"https:\\\/\\\/www.dianisealodge.de\\\/wefocus\\\/\",\"url\":\"https:\\\/\\\/www.dianisealodge.de\\\/wefocus\\\/\",\"name\":\"#wefocus - Diani Sea Lodge\",\"isPartOf\":{\"@id\":\"https:\\\/\\\/www.dianisealodge.de\\\/#website\"},\"primaryImageOfPage\":{\"@id\":\"https:\\\/\\\/www.dianisealodge.de\\\/wefocus\\\/#primaryimage\"},\"image\":{\"@id\":\"https:\\\/\\\/www.dianisealodge.de\\\/wefocus\\\/#primaryimage\"},\"thumbnailUrl\":\"https:\\\/\\\/www.dianisearesort.de\\\/media\\\/2020\\\/05\\\/wefocus1-300x150.jpg\",\"datePublished\":\"2020-05-31T15:34:18+00:00\",\"dateModified\":\"2020-07-16T21:03:24+00:00\",\"breadcrumb\":{\"@id\":\"https:\\\/\\\/www.dianisealodge.de\\\/wefocus\\\/#breadcrumb\"},\"inLanguage\":\"de\",\"potentialAction\":[{\"@type\":\"ReadAction\",\"target\":[\"https:\\\/\\\/www.dianisealodge.de\\\/wefocus\\\/\"]}]},{\"@type\":\"ImageObject\",\"inLanguage\":\"de\",\"@id\":\"https:\\\/\\\/www.dianisealodge.de\\\/wefocus\\\/#primaryimage\",\"url\":\"https:\\\/\\\/www.dianisearesort.de\\\/media\\\/2020\\\/05\\\/wefocus1-300x150.jpg\",\"contentUrl\":\"https:\\\/\\\/www.dianisearesort.de\\\/media\\\/2020\\\/05\\\/wefocus1-300x150.jpg\"},{\"@type\":\"BreadcrumbList\",\"@id\":\"https:\\\/\\\/www.dianisealodge.de\\\/wefocus\\\/#breadcrumb\",\"itemListElement\":[{\"@type\":\"ListItem\",\"position\":1,\"name\":\"Home\",\"item\":\"https:\\\/\\\/www.dianisealodge.de\\\/\"},{\"@type\":\"ListItem\",\"position\":2,\"name\":\"#wefocus\"}]},{\"@type\":\"WebSite\",\"@id\":\"https:\\\/\\\/www.dianisealodge.de\\\/#website\",\"url\":\"https:\\\/\\\/www.dianisealodge.de\\\/\",\"name\":\"Diani Sea Lodge\",\"description\":\"\",\"potentialAction\":[{\"@type\":\"SearchAction\",\"target\":{\"@type\":\"EntryPoint\",\"urlTemplate\":\"https:\\\/\\\/www.dianisealodge.de\\\/?s={search_term_string}\"},\"query-input\":{\"@type\":\"PropertyValueSpecification\",\"valueRequired\":true,\"valueName\":\"search_term_string\"}}],\"inLanguage\":\"de\"}]}<\/script>\n<!-- \/ Yoast SEO plugin. -->","yoast_head_json":{"title":"#wefocus - Diani Sea Lodge","robots":{"index":"index","follow":"follow","max-snippet":"max-snippet:-1","max-image-preview":"max-image-preview:large","max-video-preview":"max-video-preview:-1"},"canonical":"https:\/\/www.dianisealodge.de\/wefocus\/","og_locale":"de_DE","og_type":"article","og_title":"#wefocus - Diani Sea Lodge","og_description":"In unseren Hotels ist die Gesundheit und Sicherheit unsere Gaeste und Mitarbeiter immer an erster Stelle gestanden. COVID-19 hat jede Facette unseres Lebens veraendert.\u00a0 Wir sind bestrebt Ihnen zu jeder Zeit wunderbare Urlaubserlebnisse zu bieten. Dieses wollen wir durch verantwortungsbewusste Praktiken sicherstellen, selbst unter diesen schwierigen Umst\u00e4nden. Diese verbesserten Protokolle werden basierend auf den Anforderungen [&hellip;]","og_url":"https:\/\/www.dianisealodge.de\/wefocus\/","og_site_name":"Diani Sea Lodge","article_publisher":"https:\/\/web.facebook.com\/DianiSeaLodge\/","article_modified_time":"2020-07-16T21:03:24+00:00","og_image":[{"url":"https:\/\/www.dianisearesort.de\/media\/2020\/05\/wefocus1-300x150.jpg","type":"","width":"","height":""}],"twitter_card":"summary_large_image","twitter_site":"@DianiSeaLodge","twitter_misc":{"Gesch\u00e4tzte Lesezeit":"12\u00a0Minuten"},"schema":{"@context":"https:\/\/schema.org","@graph":[{"@type":"WebPage","@id":"https:\/\/www.dianisealodge.de\/wefocus\/","url":"https:\/\/www.dianisealodge.de\/wefocus\/","name":"#wefocus - Diani Sea Lodge","isPartOf":{"@id":"https:\/\/www.dianisealodge.de\/#website"},"primaryImageOfPage":{"@id":"https:\/\/www.dianisealodge.de\/wefocus\/#primaryimage"},"image":{"@id":"https:\/\/www.dianisealodge.de\/wefocus\/#primaryimage"},"thumbnailUrl":"https:\/\/www.dianisearesort.de\/media\/2020\/05\/wefocus1-300x150.jpg","datePublished":"2020-05-31T15:34:18+00:00","dateModified":"2020-07-16T21:03:24+00:00","breadcrumb":{"@id":"https:\/\/www.dianisealodge.de\/wefocus\/#breadcrumb"},"inLanguage":"de","potentialAction":[{"@type":"ReadAction","target":["https:\/\/www.dianisealodge.de\/wefocus\/"]}]},{"@type":"ImageObject","inLanguage":"de","@id":"https:\/\/www.dianisealodge.de\/wefocus\/#primaryimage","url":"https:\/\/www.dianisearesort.de\/media\/2020\/05\/wefocus1-300x150.jpg","contentUrl":"https:\/\/www.dianisearesort.de\/media\/2020\/05\/wefocus1-300x150.jpg"},{"@type":"BreadcrumbList","@id":"https:\/\/www.dianisealodge.de\/wefocus\/#breadcrumb","itemListElement":[{"@type":"ListItem","position":1,"name":"Home","item":"https:\/\/www.dianisealodge.de\/"},{"@type":"ListItem","position":2,"name":"#wefocus"}]},{"@type":"WebSite","@id":"https:\/\/www.dianisealodge.de\/#website","url":"https:\/\/www.dianisealodge.de\/","name":"Diani Sea Lodge","description":"","potentialAction":[{"@type":"SearchAction","target":{"@type":"EntryPoint","urlTemplate":"https:\/\/www.dianisealodge.de\/?s={search_term_string}"},"query-input":{"@type":"PropertyValueSpecification","valueRequired":true,"valueName":"search_term_string"}}],"inLanguage":"de"}]}},"_links":{"self":[{"href":"https:\/\/www.dianisealodge.de\/de\/wp-json\/wp\/v2\/pages\/772","targetHints":{"allow":["GET"]}}],"collection":[{"href":"https:\/\/www.dianisealodge.de\/de\/wp-json\/wp\/v2\/pages"}],"about":[{"href":"https:\/\/www.dianisealodge.de\/de\/wp-json\/wp\/v2\/types\/page"}],"author":[{"embeddable":true,"href":"https:\/\/www.dianisealodge.de\/de\/wp-json\/wp\/v2\/users\/2"}],"replies":[{"embeddable":true,"href":"https:\/\/www.dianisealodge.de\/de\/wp-json\/wp\/v2\/comments?post=772"}],"version-history":[{"count":0,"href":"https:\/\/www.dianisealodge.de\/de\/wp-json\/wp\/v2\/pages\/772\/revisions"}],"wp:attachment":[{"href":"https:\/\/www.dianisealodge.de\/de\/wp-json\/wp\/v2\/media?parent=772"}],"curies":[{"name":"wp","href":"https:\/\/api.w.org\/{rel}","templated":true}]}}