{"id":53,"date":"2018-06-14T19:59:22","date_gmt":"2018-06-14T19:59:22","guid":{"rendered":"https:\/\/www.dianisealodge.de\/?page_id=53"},"modified":"2024-05-03T21:34:28","modified_gmt":"2024-05-03T18:34:28","slug":"welcome","status":"publish","type":"page","link":"https:\/\/www.dianisealodge.de\/de\/the-hotel-de\/","title":{"rendered":"Das Hotel"},"content":{"rendered":"<p class=\"qtranxs-available-languages-message qtranxs-available-languages-message-de\">Leider ist der Eintrag nur auf <a href=\"https:\/\/www.dianisealodge.de\/en\/wp-json\/wp\/v2\/pages\/53\" class=\"qtranxs-available-language-link qtranxs-available-language-link-en\" title=\"English\">English<\/a> verf\u00fcgbar. Der Inhalt wird unten in einer verf\u00fcgbaren Sprache angezeigt. Klicken Sie auf den Link, um die aktuelle Sprache zu \u00e4ndern.<\/p><p><\/p>\n<h1 style=\"text-align: center;\">The Hotel<\/h1>\n<p>&nbsp;<\/p>\n<p><a href=\"https:\/\/www.dianisealodge.de\/media\/2024\/05\/0074-DSL-MAIN-AUG-2023-_DSC1434.jpg\"><img loading=\"lazy\" decoding=\"async\" class=\"alignnone wp-image-10411 size-full\" src=\"https:\/\/www.dianisealodge.de\/media\/2024\/05\/0074-DSL-MAIN-AUG-2023-_DSC1434.jpg\" alt=\"\" width=\"1600\" height=\"1066\" srcset=\"https:\/\/www.dianisealodge.de\/media\/2024\/05\/0074-DSL-MAIN-AUG-2023-_DSC1434.jpg 1600w, https:\/\/www.dianisealodge.de\/media\/2024\/05\/0074-DSL-MAIN-AUG-2023-_DSC1434-300x200.jpg 300w, https:\/\/www.dianisealodge.de\/media\/2024\/05\/0074-DSL-MAIN-AUG-2023-_DSC1434-1024x682.jpg 1024w, https:\/\/www.dianisealodge.de\/media\/2024\/05\/0074-DSL-MAIN-AUG-2023-_DSC1434-768x512.jpg 768w, https:\/\/www.dianisealodge.de\/media\/2024\/05\/0074-DSL-MAIN-AUG-2023-_DSC1434-1536x1023.jpg 1536w\" sizes=\"auto, (max-width: 1600px) 100vw, 1600px\" \/><\/a><\/p>\n<p>&nbsp;<\/p>\n<p>We all love to travel and get to know the world from a different perspective. Our goal is to make your stay unforgettable and memorable. You will be able to enjoy the heavenly beach even more when you know that your cozy bed is only a few meters away. However, our goal is not to only provide a perfect room at one of the best locations, but to go beyond that. We want to offer a full\u00a0service that leaves nothing to be desired. This of course includes culinary and delicious food, beach towels, a 24\/7 reception and a currency exchange facility, with fair rates.<\/p>\n<p>To make sure that you do not get bored, we offer a full evening program which will suit your expectations. To ensure a healthy lifestyle, we also offer amazing sporting activities that you will love. Through partnerships with Blue Marlin Fishing Club, a diving school, Diani Dhow Safaris, Quest Kiteboarding School and others \u2013 our guests will enjoy attractive offers that will make your stay an unforgettable experience.<\/p>\n<p>We hope to welcome you soon in our beautiful Diani Sea Lodge.<\/p>\n<p style=\"text-align: right;\"><em>Sincerely,<\/em><br \/>\n<em>Your Diani Sea Resort team<\/em><\/p>\n<p><\/p>","protected":false},"excerpt":{"rendered":"<p>Leider ist der Eintrag nur auf English verf\u00fcgbar. Der Inhalt wird unten in einer verf\u00fcgbaren Sprache angezeigt. Klicken Sie auf den Link, um die aktuelle Sprache zu \u00e4ndern. The Hotel &nbsp; &nbsp; We all love to travel and get to know the world from a different perspective. Our goal is to make your stay unforgettable [&hellip;]<\/p>\n","protected":false},"author":1,"featured_media":0,"parent":0,"menu_order":7,"comment_status":"closed","ping_status":"closed","template":"","meta":{"_acf_changed":false,"footnotes":""},"class_list":["post-53","page","type-page","status-publish","hentry"],"acf":[],"yoast_head":"<!-- This site is optimized with the Yoast SEO plugin v27.4 - https:\/\/yoast.com\/product\/yoast-seo-wordpress\/ -->\n<title>Das Hotel - Diani Sea Lodge<\/title>\n<meta name=\"robots\" content=\"index, follow, max-snippet:-1, max-image-preview:large, max-video-preview:-1\" \/>\n<link rel=\"canonical\" href=\"https:\/\/www.dianisealodge.de\/the-hotel\/\" \/>\n<meta property=\"og:locale\" content=\"de_DE\" \/>\n<meta property=\"og:type\" content=\"article\" \/>\n<meta property=\"og:title\" content=\"Das Hotel - Diani Sea Lodge\" \/>\n<meta property=\"og:description\" content=\"Leider ist der Eintrag nur auf English verf\u00fcgbar. Der Inhalt wird unten in einer verf\u00fcgbaren Sprache angezeigt. Klicken Sie auf den Link, um die aktuelle Sprache zu \u00e4ndern. The Hotel &nbsp; &nbsp; We all love to travel and get to know the world from a different perspective. Our goal is to make your stay unforgettable [&hellip;]\" \/>\n<meta property=\"og:url\" content=\"https:\/\/www.dianisealodge.de\/the-hotel\/\" \/>\n<meta property=\"og:site_name\" content=\"Diani Sea Lodge\" \/>\n<meta property=\"article:publisher\" content=\"https:\/\/web.facebook.com\/DianiSeaLodge\/\" \/>\n<meta property=\"article:modified_time\" content=\"2024-05-03T18:34:28+00:00\" \/>\n<meta property=\"og:image\" content=\"https:\/\/www.dianisealodge.de\/media\/2024\/05\/0074-DSL-MAIN-AUG-2023-_DSC1434.jpg\" \/>\n<meta name=\"twitter:card\" content=\"summary_large_image\" \/>\n<meta name=\"twitter:site\" content=\"@DianiSeaLodge\" \/>\n<meta name=\"twitter:label1\" content=\"Gesch\u00e4tzte Lesezeit\" \/>\n\t<meta name=\"twitter:data1\" content=\"2\u00a0Minuten\" \/>\n<script type=\"application\/ld+json\" class=\"yoast-schema-graph\">{\"@context\":\"https:\\\/\\\/schema.org\",\"@graph\":[{\"@type\":\"WebPage\",\"@id\":\"https:\\\/\\\/www.dianisealodge.de\\\/the-hotel\\\/\",\"url\":\"https:\\\/\\\/www.dianisealodge.de\\\/the-hotel\\\/\",\"name\":\"Das Hotel - Diani Sea Lodge\",\"isPartOf\":{\"@id\":\"https:\\\/\\\/www.dianisealodge.de\\\/#website\"},\"primaryImageOfPage\":{\"@id\":\"https:\\\/\\\/www.dianisealodge.de\\\/the-hotel\\\/#primaryimage\"},\"image\":{\"@id\":\"https:\\\/\\\/www.dianisealodge.de\\\/the-hotel\\\/#primaryimage\"},\"thumbnailUrl\":\"https:\\\/\\\/www.dianisealodge.de\\\/media\\\/2024\\\/05\\\/0074-DSL-MAIN-AUG-2023-_DSC1434.jpg\",\"datePublished\":\"2018-06-14T19:59:22+00:00\",\"dateModified\":\"2024-05-03T18:34:28+00:00\",\"breadcrumb\":{\"@id\":\"https:\\\/\\\/www.dianisealodge.de\\\/the-hotel\\\/#breadcrumb\"},\"inLanguage\":\"de\",\"potentialAction\":[{\"@type\":\"ReadAction\",\"target\":[\"https:\\\/\\\/www.dianisealodge.de\\\/the-hotel\\\/\"]}]},{\"@type\":\"ImageObject\",\"inLanguage\":\"de\",\"@id\":\"https:\\\/\\\/www.dianisealodge.de\\\/the-hotel\\\/#primaryimage\",\"url\":\"https:\\\/\\\/www.dianisealodge.de\\\/media\\\/2024\\\/05\\\/0074-DSL-MAIN-AUG-2023-_DSC1434.jpg\",\"contentUrl\":\"https:\\\/\\\/www.dianisealodge.de\\\/media\\\/2024\\\/05\\\/0074-DSL-MAIN-AUG-2023-_DSC1434.jpg\"},{\"@type\":\"BreadcrumbList\",\"@id\":\"https:\\\/\\\/www.dianisealodge.de\\\/the-hotel\\\/#breadcrumb\",\"itemListElement\":[{\"@type\":\"ListItem\",\"position\":1,\"name\":\"Home\",\"item\":\"https:\\\/\\\/www.dianisealodge.de\\\/\"},{\"@type\":\"ListItem\",\"position\":2,\"name\":\"The Hotel\"}]},{\"@type\":\"WebSite\",\"@id\":\"https:\\\/\\\/www.dianisealodge.de\\\/#website\",\"url\":\"https:\\\/\\\/www.dianisealodge.de\\\/\",\"name\":\"Diani Sea Lodge\",\"description\":\"\",\"potentialAction\":[{\"@type\":\"SearchAction\",\"target\":{\"@type\":\"EntryPoint\",\"urlTemplate\":\"https:\\\/\\\/www.dianisealodge.de\\\/?s={search_term_string}\"},\"query-input\":{\"@type\":\"PropertyValueSpecification\",\"valueRequired\":true,\"valueName\":\"search_term_string\"}}],\"inLanguage\":\"de\"}]}<\/script>\n<!-- \/ Yoast SEO plugin. -->","yoast_head_json":{"title":"Das Hotel - Diani Sea Lodge","robots":{"index":"index","follow":"follow","max-snippet":"max-snippet:-1","max-image-preview":"max-image-preview:large","max-video-preview":"max-video-preview:-1"},"canonical":"https:\/\/www.dianisealodge.de\/the-hotel\/","og_locale":"de_DE","og_type":"article","og_title":"Das Hotel - Diani Sea Lodge","og_description":"Leider ist der Eintrag nur auf English verf\u00fcgbar. Der Inhalt wird unten in einer verf\u00fcgbaren Sprache angezeigt. Klicken Sie auf den Link, um die aktuelle Sprache zu \u00e4ndern. The Hotel &nbsp; &nbsp; We all love to travel and get to know the world from a different perspective. Our goal is to make your stay unforgettable [&hellip;]","og_url":"https:\/\/www.dianisealodge.de\/the-hotel\/","og_site_name":"Diani Sea Lodge","article_publisher":"https:\/\/web.facebook.com\/DianiSeaLodge\/","article_modified_time":"2024-05-03T18:34:28+00:00","og_image":[{"url":"https:\/\/www.dianisealodge.de\/media\/2024\/05\/0074-DSL-MAIN-AUG-2023-_DSC1434.jpg","type":"","width":"","height":""}],"twitter_card":"summary_large_image","twitter_site":"@DianiSeaLodge","twitter_misc":{"Gesch\u00e4tzte Lesezeit":"2\u00a0Minuten"},"schema":{"@context":"https:\/\/schema.org","@graph":[{"@type":"WebPage","@id":"https:\/\/www.dianisealodge.de\/the-hotel\/","url":"https:\/\/www.dianisealodge.de\/the-hotel\/","name":"Das Hotel - Diani Sea Lodge","isPartOf":{"@id":"https:\/\/www.dianisealodge.de\/#website"},"primaryImageOfPage":{"@id":"https:\/\/www.dianisealodge.de\/the-hotel\/#primaryimage"},"image":{"@id":"https:\/\/www.dianisealodge.de\/the-hotel\/#primaryimage"},"thumbnailUrl":"https:\/\/www.dianisealodge.de\/media\/2024\/05\/0074-DSL-MAIN-AUG-2023-_DSC1434.jpg","datePublished":"2018-06-14T19:59:22+00:00","dateModified":"2024-05-03T18:34:28+00:00","breadcrumb":{"@id":"https:\/\/www.dianisealodge.de\/the-hotel\/#breadcrumb"},"inLanguage":"de","potentialAction":[{"@type":"ReadAction","target":["https:\/\/www.dianisealodge.de\/the-hotel\/"]}]},{"@type":"ImageObject","inLanguage":"de","@id":"https:\/\/www.dianisealodge.de\/the-hotel\/#primaryimage","url":"https:\/\/www.dianisealodge.de\/media\/2024\/05\/0074-DSL-MAIN-AUG-2023-_DSC1434.jpg","contentUrl":"https:\/\/www.dianisealodge.de\/media\/2024\/05\/0074-DSL-MAIN-AUG-2023-_DSC1434.jpg"},{"@type":"BreadcrumbList","@id":"https:\/\/www.dianisealodge.de\/the-hotel\/#breadcrumb","itemListElement":[{"@type":"ListItem","position":1,"name":"Home","item":"https:\/\/www.dianisealodge.de\/"},{"@type":"ListItem","position":2,"name":"The Hotel"}]},{"@type":"WebSite","@id":"https:\/\/www.dianisealodge.de\/#website","url":"https:\/\/www.dianisealodge.de\/","name":"Diani Sea Lodge","description":"","potentialAction":[{"@type":"SearchAction","target":{"@type":"EntryPoint","urlTemplate":"https:\/\/www.dianisealodge.de\/?s={search_term_string}"},"query-input":{"@type":"PropertyValueSpecification","valueRequired":true,"valueName":"search_term_string"}}],"inLanguage":"de"}]}},"_links":{"self":[{"href":"https:\/\/www.dianisealodge.de\/de\/wp-json\/wp\/v2\/pages\/53","targetHints":{"allow":["GET"]}}],"collection":[{"href":"https:\/\/www.dianisealodge.de\/de\/wp-json\/wp\/v2\/pages"}],"about":[{"href":"https:\/\/www.dianisealodge.de\/de\/wp-json\/wp\/v2\/types\/page"}],"author":[{"embeddable":true,"href":"https:\/\/www.dianisealodge.de\/de\/wp-json\/wp\/v2\/users\/1"}],"replies":[{"embeddable":true,"href":"https:\/\/www.dianisealodge.de\/de\/wp-json\/wp\/v2\/comments?post=53"}],"version-history":[{"count":2,"href":"https:\/\/www.dianisealodge.de\/de\/wp-json\/wp\/v2\/pages\/53\/revisions"}],"predecessor-version":[{"id":10438,"href":"https:\/\/www.dianisealodge.de\/de\/wp-json\/wp\/v2\/pages\/53\/revisions\/10438"}],"wp:attachment":[{"href":"https:\/\/www.dianisealodge.de\/de\/wp-json\/wp\/v2\/media?parent=53"}],"curies":[{"name":"wp","href":"https:\/\/api.w.org\/{rel}","templated":true}]}}