{"id":465,"date":"2018-10-28T06:30:44","date_gmt":"2018-10-28T06:30:44","guid":{"rendered":"https:\/\/www.dianisealodge.de\/?page_id=465"},"modified":"2024-06-05T06:33:05","modified_gmt":"2024-06-05T03:33:05","slug":"golf","status":"publish","type":"page","link":"https:\/\/www.dianisealodge.de\/de\/aktivitaten\/golf-de\/","title":{"rendered":"Golf"},"content":{"rendered":"<p><img loading=\"lazy\" decoding=\"async\" class=\"alignnone size-full wp-image-472\" src=\"https:\/\/www.dianisealodge.de\/media\/2018\/10\/Leisure_Lodge_Golf_006.jpg\" alt=\"Leisure Golf Club Diani Beach\" width=\"1200\" height=\"800\" srcset=\"https:\/\/www.dianisealodge.de\/media\/2018\/10\/Leisure_Lodge_Golf_006.jpg 1200w, https:\/\/www.dianisealodge.de\/media\/2018\/10\/Leisure_Lodge_Golf_006-300x200.jpg 300w, https:\/\/www.dianisealodge.de\/media\/2018\/10\/Leisure_Lodge_Golf_006-768x512.jpg 768w, https:\/\/www.dianisealodge.de\/media\/2018\/10\/Leisure_Lodge_Golf_006-1024x683.jpg 1024w\" sizes=\"auto, (max-width: 1200px) 100vw, 1200px\" \/><\/p>\n<p>&nbsp;<\/p>\n<p>Kenia bietet den ambitionierten Golfspieler 38 einzigartige Golfpl\u00e4tze an. Die Golfclubs entlang des Indischen Ozeans bieten einerseits Palmen und tropische Pflanzen und zumeist auch Tierbeobachtungen. Die meisten Clubs haben einen Pro-Shop und Golfer k\u00f6nnen den Luxus eines Caddys genie\u00dfen. Das Wetter ist ideal f\u00fcr das ganze Jahr \u00fcber Golf. Der Leisure Lodge Golf Club in Diani Beach, etwa 5 Minuten vom Hotel entfernt.<\/p>","protected":false},"excerpt":{"rendered":"<p>&nbsp; Kenia bietet den ambitionierten Golfspieler 38 einzigartige Golfpl\u00e4tze an. Die Golfclubs entlang des Indischen Ozeans bieten einerseits Palmen und tropische Pflanzen und zumeist auch Tierbeobachtungen. Die meisten Clubs haben einen Pro-Shop und Golfer k\u00f6nnen den Luxus eines Caddys genie\u00dfen. Das Wetter ist ideal f\u00fcr das ganze Jahr \u00fcber Golf. Der Leisure Lodge Golf Club [&hellip;]<\/p>\n","protected":false},"author":2,"featured_media":0,"parent":436,"menu_order":7,"comment_status":"closed","ping_status":"closed","template":"","meta":{"_acf_changed":false,"footnotes":""},"class_list":["post-465","page","type-page","status-publish","hentry"],"acf":[],"yoast_head":"<!-- This site is optimized with the Yoast SEO plugin v27.4 - https:\/\/yoast.com\/product\/yoast-seo-wordpress\/ -->\n<title>Golf - Diani Sea Lodge<\/title>\n<meta name=\"robots\" content=\"index, follow, max-snippet:-1, max-image-preview:large, max-video-preview:-1\" \/>\n<link rel=\"canonical\" href=\"https:\/\/www.dianisealodge.de\/activities\/golf\/\" \/>\n<meta property=\"og:locale\" content=\"de_DE\" \/>\n<meta property=\"og:type\" content=\"article\" \/>\n<meta property=\"og:title\" content=\"Golf - Diani Sea Lodge\" \/>\n<meta property=\"og:description\" content=\"&nbsp; Kenia bietet den ambitionierten Golfspieler 38 einzigartige Golfpl\u00e4tze an. Die Golfclubs entlang des Indischen Ozeans bieten einerseits Palmen und tropische Pflanzen und zumeist auch Tierbeobachtungen. Die meisten Clubs haben einen Pro-Shop und Golfer k\u00f6nnen den Luxus eines Caddys genie\u00dfen. Das Wetter ist ideal f\u00fcr das ganze Jahr \u00fcber Golf. Der Leisure Lodge Golf Club [&hellip;]\" \/>\n<meta property=\"og:url\" content=\"https:\/\/www.dianisealodge.de\/activities\/golf\/\" \/>\n<meta property=\"og:site_name\" content=\"Diani Sea Lodge\" \/>\n<meta property=\"article:publisher\" content=\"https:\/\/web.facebook.com\/DianiSeaLodge\/\" \/>\n<meta property=\"article:modified_time\" content=\"2024-06-05T03:33:05+00:00\" \/>\n<meta property=\"og:image\" content=\"https:\/\/www.dianisealodge.de\/media\/2018\/10\/Leisure_Lodge_Golf_006.jpg\" \/>\n<meta name=\"twitter:card\" content=\"summary_large_image\" \/>\n<meta name=\"twitter:site\" content=\"@DianiSeaLodge\" \/>\n<meta name=\"twitter:label1\" content=\"Gesch\u00e4tzte Lesezeit\" \/>\n\t<meta name=\"twitter:data1\" content=\"2\u00a0Minuten\" \/>\n<script type=\"application\/ld+json\" class=\"yoast-schema-graph\">{\"@context\":\"https:\\\/\\\/schema.org\",\"@graph\":[{\"@type\":\"WebPage\",\"@id\":\"https:\\\/\\\/www.dianisealodge.de\\\/activities\\\/golf\\\/\",\"url\":\"https:\\\/\\\/www.dianisealodge.de\\\/activities\\\/golf\\\/\",\"name\":\"Golf - Diani Sea Lodge\",\"isPartOf\":{\"@id\":\"https:\\\/\\\/www.dianisealodge.de\\\/#website\"},\"primaryImageOfPage\":{\"@id\":\"https:\\\/\\\/www.dianisealodge.de\\\/activities\\\/golf\\\/#primaryimage\"},\"image\":{\"@id\":\"https:\\\/\\\/www.dianisealodge.de\\\/activities\\\/golf\\\/#primaryimage\"},\"thumbnailUrl\":\"https:\\\/\\\/www.dianisealodge.de\\\/media\\\/2018\\\/10\\\/Leisure_Lodge_Golf_006.jpg\",\"datePublished\":\"2018-10-28T06:30:44+00:00\",\"dateModified\":\"2024-06-05T03:33:05+00:00\",\"breadcrumb\":{\"@id\":\"https:\\\/\\\/www.dianisealodge.de\\\/activities\\\/golf\\\/#breadcrumb\"},\"inLanguage\":\"de\",\"potentialAction\":[{\"@type\":\"ReadAction\",\"target\":[\"https:\\\/\\\/www.dianisealodge.de\\\/activities\\\/golf\\\/\"]}]},{\"@type\":\"ImageObject\",\"inLanguage\":\"de\",\"@id\":\"https:\\\/\\\/www.dianisealodge.de\\\/activities\\\/golf\\\/#primaryimage\",\"url\":\"https:\\\/\\\/www.dianisealodge.de\\\/media\\\/2018\\\/10\\\/Leisure_Lodge_Golf_006.jpg\",\"contentUrl\":\"https:\\\/\\\/www.dianisealodge.de\\\/media\\\/2018\\\/10\\\/Leisure_Lodge_Golf_006.jpg\"},{\"@type\":\"BreadcrumbList\",\"@id\":\"https:\\\/\\\/www.dianisealodge.de\\\/activities\\\/golf\\\/#breadcrumb\",\"itemListElement\":[{\"@type\":\"ListItem\",\"position\":1,\"name\":\"Home\",\"item\":\"https:\\\/\\\/www.dianisealodge.de\\\/\"},{\"@type\":\"ListItem\",\"position\":2,\"name\":\"Aktivit\u00e4ten\",\"item\":\"https:\\\/\\\/www.dianisealodge.de\\\/de\\\/aktivitaten\\\/\"},{\"@type\":\"ListItem\",\"position\":3,\"name\":\"Golf\"}]},{\"@type\":\"WebSite\",\"@id\":\"https:\\\/\\\/www.dianisealodge.de\\\/#website\",\"url\":\"https:\\\/\\\/www.dianisealodge.de\\\/\",\"name\":\"Diani Sea Lodge\",\"description\":\"\",\"potentialAction\":[{\"@type\":\"SearchAction\",\"target\":{\"@type\":\"EntryPoint\",\"urlTemplate\":\"https:\\\/\\\/www.dianisealodge.de\\\/?s={search_term_string}\"},\"query-input\":{\"@type\":\"PropertyValueSpecification\",\"valueRequired\":true,\"valueName\":\"search_term_string\"}}],\"inLanguage\":\"de\"}]}<\/script>\n<!-- \/ Yoast SEO plugin. -->","yoast_head_json":{"title":"Golf - Diani Sea Lodge","robots":{"index":"index","follow":"follow","max-snippet":"max-snippet:-1","max-image-preview":"max-image-preview:large","max-video-preview":"max-video-preview:-1"},"canonical":"https:\/\/www.dianisealodge.de\/activities\/golf\/","og_locale":"de_DE","og_type":"article","og_title":"Golf - Diani Sea Lodge","og_description":"&nbsp; Kenia bietet den ambitionierten Golfspieler 38 einzigartige Golfpl\u00e4tze an. Die Golfclubs entlang des Indischen Ozeans bieten einerseits Palmen und tropische Pflanzen und zumeist auch Tierbeobachtungen. Die meisten Clubs haben einen Pro-Shop und Golfer k\u00f6nnen den Luxus eines Caddys genie\u00dfen. Das Wetter ist ideal f\u00fcr das ganze Jahr \u00fcber Golf. Der Leisure Lodge Golf Club [&hellip;]","og_url":"https:\/\/www.dianisealodge.de\/activities\/golf\/","og_site_name":"Diani Sea Lodge","article_publisher":"https:\/\/web.facebook.com\/DianiSeaLodge\/","article_modified_time":"2024-06-05T03:33:05+00:00","og_image":[{"url":"https:\/\/www.dianisealodge.de\/media\/2018\/10\/Leisure_Lodge_Golf_006.jpg","type":"","width":"","height":""}],"twitter_card":"summary_large_image","twitter_site":"@DianiSeaLodge","twitter_misc":{"Gesch\u00e4tzte Lesezeit":"2\u00a0Minuten"},"schema":{"@context":"https:\/\/schema.org","@graph":[{"@type":"WebPage","@id":"https:\/\/www.dianisealodge.de\/activities\/golf\/","url":"https:\/\/www.dianisealodge.de\/activities\/golf\/","name":"Golf - Diani Sea Lodge","isPartOf":{"@id":"https:\/\/www.dianisealodge.de\/#website"},"primaryImageOfPage":{"@id":"https:\/\/www.dianisealodge.de\/activities\/golf\/#primaryimage"},"image":{"@id":"https:\/\/www.dianisealodge.de\/activities\/golf\/#primaryimage"},"thumbnailUrl":"https:\/\/www.dianisealodge.de\/media\/2018\/10\/Leisure_Lodge_Golf_006.jpg","datePublished":"2018-10-28T06:30:44+00:00","dateModified":"2024-06-05T03:33:05+00:00","breadcrumb":{"@id":"https:\/\/www.dianisealodge.de\/activities\/golf\/#breadcrumb"},"inLanguage":"de","potentialAction":[{"@type":"ReadAction","target":["https:\/\/www.dianisealodge.de\/activities\/golf\/"]}]},{"@type":"ImageObject","inLanguage":"de","@id":"https:\/\/www.dianisealodge.de\/activities\/golf\/#primaryimage","url":"https:\/\/www.dianisealodge.de\/media\/2018\/10\/Leisure_Lodge_Golf_006.jpg","contentUrl":"https:\/\/www.dianisealodge.de\/media\/2018\/10\/Leisure_Lodge_Golf_006.jpg"},{"@type":"BreadcrumbList","@id":"https:\/\/www.dianisealodge.de\/activities\/golf\/#breadcrumb","itemListElement":[{"@type":"ListItem","position":1,"name":"Home","item":"https:\/\/www.dianisealodge.de\/"},{"@type":"ListItem","position":2,"name":"Aktivit\u00e4ten","item":"https:\/\/www.dianisealodge.de\/de\/aktivitaten\/"},{"@type":"ListItem","position":3,"name":"Golf"}]},{"@type":"WebSite","@id":"https:\/\/www.dianisealodge.de\/#website","url":"https:\/\/www.dianisealodge.de\/","name":"Diani Sea Lodge","description":"","potentialAction":[{"@type":"SearchAction","target":{"@type":"EntryPoint","urlTemplate":"https:\/\/www.dianisealodge.de\/?s={search_term_string}"},"query-input":{"@type":"PropertyValueSpecification","valueRequired":true,"valueName":"search_term_string"}}],"inLanguage":"de"}]}},"_links":{"self":[{"href":"https:\/\/www.dianisealodge.de\/de\/wp-json\/wp\/v2\/pages\/465","targetHints":{"allow":["GET"]}}],"collection":[{"href":"https:\/\/www.dianisealodge.de\/de\/wp-json\/wp\/v2\/pages"}],"about":[{"href":"https:\/\/www.dianisealodge.de\/de\/wp-json\/wp\/v2\/types\/page"}],"author":[{"embeddable":true,"href":"https:\/\/www.dianisealodge.de\/de\/wp-json\/wp\/v2\/users\/2"}],"replies":[{"embeddable":true,"href":"https:\/\/www.dianisealodge.de\/de\/wp-json\/wp\/v2\/comments?post=465"}],"version-history":[{"count":1,"href":"https:\/\/www.dianisealodge.de\/de\/wp-json\/wp\/v2\/pages\/465\/revisions"}],"predecessor-version":[{"id":10464,"href":"https:\/\/www.dianisealodge.de\/de\/wp-json\/wp\/v2\/pages\/465\/revisions\/10464"}],"up":[{"embeddable":true,"href":"https:\/\/www.dianisealodge.de\/de\/wp-json\/wp\/v2\/pages\/436"}],"wp:attachment":[{"href":"https:\/\/www.dianisealodge.de\/de\/wp-json\/wp\/v2\/media?parent=465"}],"curies":[{"name":"wp","href":"https:\/\/api.w.org\/{rel}","templated":true}]}}