{"id":458,"date":"2018-10-27T14:28:55","date_gmt":"2018-10-27T14:28:55","guid":{"rendered":"https:\/\/www.dianisealodge.de\/?page_id=458"},"modified":"2018-10-29T12:19:42","modified_gmt":"2018-10-29T09:19:42","slug":"big-game-fishing","status":"publish","type":"page","link":"https:\/\/www.dianisealodge.de\/de\/aktivitaten\/big-game-fishing\/","title":{"rendered":"(English) Big game fishing"},"content":{"rendered":"<p class=\"qtranxs-available-languages-message qtranxs-available-languages-message-de\">Leider ist der Eintrag nur auf <a href=\"https:\/\/www.dianisealodge.de\/en\/wp-json\/wp\/v2\/pages\/458\" class=\"qtranxs-available-language-link qtranxs-available-language-link-en\" title=\"English\">English<\/a> verf\u00fcgbar. Der Inhalt wird unten in einer verf\u00fcgbaren Sprache angezeigt. Klicken Sie auf den Link, um die aktuelle Sprache zu \u00e4ndern.<\/p><p>Deep sea sports fishing in Kenya is synonymous with sailfish, Dorado, Marlin and even sharks. Lovers and adventure seekers will find great joy and excitement, and then have a great story to tell.<\/p>\n<p>Aqualand cannot promise that you will get a big fish on the hook, but they will do the utmost to make the dream come true. They provide a highly trained team that is familiar with the waters and knows good fishing grounds. help.<\/p>\n<p>They also have fishing equipment available for you, which is well up to the challenge and will not let you down. It is tailored to catch large fish in the Indian Ocean and can be customized according to your individual needs.<\/p>\n<p>Add some fishing memories to your stay.<\/p>\n<p>Contact Blue Marlin Fishing Club\u00a0for more information:\u00a0<a href=\"mailto:fishing@dianibeach.eu\">fishing@dianibeach.eu<\/a><\/p>","protected":false},"excerpt":{"rendered":"<p>Leider ist der Eintrag nur auf English verf\u00fcgbar. Der Inhalt wird unten in einer verf\u00fcgbaren Sprache angezeigt. Klicken Sie auf den Link, um die aktuelle Sprache zu \u00e4ndern.Deep sea sports fishing in Kenya is synonymous with sailfish, Dorado, Marlin and even sharks. Lovers and adventure seekers will find great joy and excitement, and then have [&hellip;]<\/p>\n","protected":false},"author":2,"featured_media":0,"parent":436,"menu_order":6,"comment_status":"closed","ping_status":"closed","template":"","meta":{"_acf_changed":false,"footnotes":""},"class_list":["post-458","page","type-page","status-publish","hentry"],"acf":[],"yoast_head":"<!-- This site is optimized with the Yoast SEO plugin v27.4 - https:\/\/yoast.com\/product\/yoast-seo-wordpress\/ -->\n<title>(English) Big game fishing - Diani Sea Lodge<\/title>\n<meta name=\"robots\" content=\"index, follow, max-snippet:-1, max-image-preview:large, max-video-preview:-1\" \/>\n<link rel=\"canonical\" href=\"https:\/\/www.dianisealodge.de\/de\/aktivitaten\/big-game-fishing\/\" \/>\n<meta property=\"og:locale\" content=\"de_DE\" \/>\n<meta property=\"og:type\" content=\"article\" \/>\n<meta property=\"og:title\" content=\"(English) Big game fishing - Diani Sea Lodge\" \/>\n<meta property=\"og:description\" content=\"Leider ist der Eintrag nur auf English verf\u00fcgbar. Der Inhalt wird unten in einer verf\u00fcgbaren Sprache angezeigt. Klicken Sie auf den Link, um die aktuelle Sprache zu \u00e4ndern.Deep sea sports fishing in Kenya is synonymous with sailfish, Dorado, Marlin and even sharks. Lovers and adventure seekers will find great joy and excitement, and then have [&hellip;]\" \/>\n<meta property=\"og:url\" content=\"https:\/\/www.dianisealodge.de\/de\/aktivitaten\/big-game-fishing\/\" \/>\n<meta property=\"og:site_name\" content=\"Diani Sea Lodge\" \/>\n<meta property=\"article:publisher\" content=\"https:\/\/web.facebook.com\/DianiSeaLodge\/\" \/>\n<meta property=\"article:modified_time\" content=\"2018-10-29T09:19:42+00:00\" \/>\n<meta property=\"og:image\" content=\"https:\/\/www.dianisealodge.de\/media\/2018\/11\/Diani-Sea-Lodge-07.jpg\" \/>\n\t<meta property=\"og:image:width\" content=\"1980\" \/>\n\t<meta property=\"og:image:height\" content=\"1320\" \/>\n\t<meta property=\"og:image:type\" content=\"image\/jpeg\" \/>\n<meta name=\"twitter:card\" content=\"summary_large_image\" \/>\n<meta name=\"twitter:site\" content=\"@DianiSeaLodge\" \/>\n<meta name=\"twitter:label1\" content=\"Gesch\u00e4tzte Lesezeit\" \/>\n\t<meta name=\"twitter:data1\" content=\"1\u00a0Minute\" \/>\n<script type=\"application\/ld+json\" class=\"yoast-schema-graph\">{\"@context\":\"https:\\\/\\\/schema.org\",\"@graph\":[{\"@type\":\"WebPage\",\"@id\":\"https:\\\/\\\/www.dianisealodge.de\\\/de\\\/aktivitaten\\\/big-game-fishing\\\/\",\"url\":\"https:\\\/\\\/www.dianisealodge.de\\\/de\\\/aktivitaten\\\/big-game-fishing\\\/\",\"name\":\"(English) Big game fishing - Diani Sea Lodge\",\"isPartOf\":{\"@id\":\"https:\\\/\\\/www.dianisealodge.de\\\/#website\"},\"datePublished\":\"2018-10-27T14:28:55+00:00\",\"dateModified\":\"2018-10-29T09:19:42+00:00\",\"breadcrumb\":{\"@id\":\"https:\\\/\\\/www.dianisealodge.de\\\/de\\\/aktivitaten\\\/big-game-fishing\\\/#breadcrumb\"},\"inLanguage\":\"de\",\"potentialAction\":[{\"@type\":\"ReadAction\",\"target\":[\"https:\\\/\\\/www.dianisealodge.de\\\/de\\\/aktivitaten\\\/big-game-fishing\\\/\"]}]},{\"@type\":\"BreadcrumbList\",\"@id\":\"https:\\\/\\\/www.dianisealodge.de\\\/de\\\/aktivitaten\\\/big-game-fishing\\\/#breadcrumb\",\"itemListElement\":[{\"@type\":\"ListItem\",\"position\":1,\"name\":\"Home\",\"item\":\"https:\\\/\\\/www.dianisealodge.de\\\/\"},{\"@type\":\"ListItem\",\"position\":2,\"name\":\"Aktivit\u00e4ten\",\"item\":\"https:\\\/\\\/www.dianisealodge.de\\\/de\\\/aktivitaten\\\/\"},{\"@type\":\"ListItem\",\"position\":3,\"name\":\"(English) Big game fishing\"}]},{\"@type\":\"WebSite\",\"@id\":\"https:\\\/\\\/www.dianisealodge.de\\\/#website\",\"url\":\"https:\\\/\\\/www.dianisealodge.de\\\/\",\"name\":\"Diani Sea Lodge\",\"description\":\"\",\"potentialAction\":[{\"@type\":\"SearchAction\",\"target\":{\"@type\":\"EntryPoint\",\"urlTemplate\":\"https:\\\/\\\/www.dianisealodge.de\\\/?s={search_term_string}\"},\"query-input\":{\"@type\":\"PropertyValueSpecification\",\"valueRequired\":true,\"valueName\":\"search_term_string\"}}],\"inLanguage\":\"de\"}]}<\/script>\n<!-- \/ Yoast SEO plugin. -->","yoast_head_json":{"title":"(English) Big game fishing - Diani Sea Lodge","robots":{"index":"index","follow":"follow","max-snippet":"max-snippet:-1","max-image-preview":"max-image-preview:large","max-video-preview":"max-video-preview:-1"},"canonical":"https:\/\/www.dianisealodge.de\/de\/aktivitaten\/big-game-fishing\/","og_locale":"de_DE","og_type":"article","og_title":"(English) Big game fishing - Diani Sea Lodge","og_description":"Leider ist der Eintrag nur auf English verf\u00fcgbar. Der Inhalt wird unten in einer verf\u00fcgbaren Sprache angezeigt. Klicken Sie auf den Link, um die aktuelle Sprache zu \u00e4ndern.Deep sea sports fishing in Kenya is synonymous with sailfish, Dorado, Marlin and even sharks. Lovers and adventure seekers will find great joy and excitement, and then have [&hellip;]","og_url":"https:\/\/www.dianisealodge.de\/de\/aktivitaten\/big-game-fishing\/","og_site_name":"Diani Sea Lodge","article_publisher":"https:\/\/web.facebook.com\/DianiSeaLodge\/","article_modified_time":"2018-10-29T09:19:42+00:00","og_image":[{"width":1980,"height":1320,"url":"https:\/\/www.dianisealodge.de\/media\/2018\/11\/Diani-Sea-Lodge-07.jpg","type":"image\/jpeg"}],"twitter_card":"summary_large_image","twitter_site":"@DianiSeaLodge","twitter_misc":{"Gesch\u00e4tzte Lesezeit":"1\u00a0Minute"},"schema":{"@context":"https:\/\/schema.org","@graph":[{"@type":"WebPage","@id":"https:\/\/www.dianisealodge.de\/de\/aktivitaten\/big-game-fishing\/","url":"https:\/\/www.dianisealodge.de\/de\/aktivitaten\/big-game-fishing\/","name":"(English) Big game fishing - Diani Sea Lodge","isPartOf":{"@id":"https:\/\/www.dianisealodge.de\/#website"},"datePublished":"2018-10-27T14:28:55+00:00","dateModified":"2018-10-29T09:19:42+00:00","breadcrumb":{"@id":"https:\/\/www.dianisealodge.de\/de\/aktivitaten\/big-game-fishing\/#breadcrumb"},"inLanguage":"de","potentialAction":[{"@type":"ReadAction","target":["https:\/\/www.dianisealodge.de\/de\/aktivitaten\/big-game-fishing\/"]}]},{"@type":"BreadcrumbList","@id":"https:\/\/www.dianisealodge.de\/de\/aktivitaten\/big-game-fishing\/#breadcrumb","itemListElement":[{"@type":"ListItem","position":1,"name":"Home","item":"https:\/\/www.dianisealodge.de\/"},{"@type":"ListItem","position":2,"name":"Aktivit\u00e4ten","item":"https:\/\/www.dianisealodge.de\/de\/aktivitaten\/"},{"@type":"ListItem","position":3,"name":"(English) Big game fishing"}]},{"@type":"WebSite","@id":"https:\/\/www.dianisealodge.de\/#website","url":"https:\/\/www.dianisealodge.de\/","name":"Diani Sea Lodge","description":"","potentialAction":[{"@type":"SearchAction","target":{"@type":"EntryPoint","urlTemplate":"https:\/\/www.dianisealodge.de\/?s={search_term_string}"},"query-input":{"@type":"PropertyValueSpecification","valueRequired":true,"valueName":"search_term_string"}}],"inLanguage":"de"}]}},"_links":{"self":[{"href":"https:\/\/www.dianisealodge.de\/de\/wp-json\/wp\/v2\/pages\/458","targetHints":{"allow":["GET"]}}],"collection":[{"href":"https:\/\/www.dianisealodge.de\/de\/wp-json\/wp\/v2\/pages"}],"about":[{"href":"https:\/\/www.dianisealodge.de\/de\/wp-json\/wp\/v2\/types\/page"}],"author":[{"embeddable":true,"href":"https:\/\/www.dianisealodge.de\/de\/wp-json\/wp\/v2\/users\/2"}],"replies":[{"embeddable":true,"href":"https:\/\/www.dianisealodge.de\/de\/wp-json\/wp\/v2\/comments?post=458"}],"version-history":[{"count":0,"href":"https:\/\/www.dianisealodge.de\/de\/wp-json\/wp\/v2\/pages\/458\/revisions"}],"up":[{"embeddable":true,"href":"https:\/\/www.dianisealodge.de\/de\/wp-json\/wp\/v2\/pages\/436"}],"wp:attachment":[{"href":"https:\/\/www.dianisealodge.de\/de\/wp-json\/wp\/v2\/media?parent=458"}],"curies":[{"name":"wp","href":"https:\/\/api.w.org\/{rel}","templated":true}]}}