{"id":398,"date":"2018-10-27T09:08:48","date_gmt":"2018-10-27T09:08:48","guid":{"rendered":"https:\/\/www.dianisealodge.de\/?page_id=398"},"modified":"2022-05-07T10:57:57","modified_gmt":"2022-05-07T07:57:57","slug":"services","status":"publish","type":"page","link":"https:\/\/www.dianisealodge.de\/de\/the-hotel-de\/services-de\/","title":{"rendered":"Service"},"content":{"rendered":"<p><\/p>\n<h6>All-Inclusive-Verpflegungsplan<\/h6>\n<p>&nbsp;<\/p>\n<p>(Fr\u00fchst\u00fcck, Mittag- und Abendessen sowie Snack)<\/p>\n<p style=\"padding-left: 30px;\">Fr\u00fchst\u00fcck von 7:30 bis 10:00 Uhr<br \/>\nMittagessen 12:30 &#8211; 14:00 Uhr<br \/>\nKaffee und Tee 16:00 &#8211; 17:00 Uhr<br \/>\nAbendessen 19:30 &#8211; 21:00 Uhr<br \/>\nSnackbar ge\u00f6ffnet von 11:00 bis 16:00 Uhr<br \/>\nPool Bar ist von 11:00 bis 24:00 Uhr ge\u00f6ffnet<\/p>\n<p>\u2606 24 Stunden Rezeption<\/p>\n<p>\u2606 Wechselstube<\/p>\n<p>\u2606 Pool- und Strand-Sonnenliegen<\/p>\n<p>\u2606 Strandt\u00fccher<\/p>\n<p>\u2606 Ausgew\u00e4hlte lokale alkoholische und alkoholfreie Getr\u00e4nke, Limonaden, S\u00e4fte und Hauswein w\u00e4hrend der \u00d6ffnungszeiten der Bar<\/p>\n<p>\u2606 Mahlzeiten w\u00e4hrend der \u00d6ffnungszeiten des Restaurants<\/p>\n<p>\u2606 Mahlzeiten in der Snackbar von 11:00 bis 16:00 Uhr<\/p>\n<p>\u2606 Kostenloses WLANin allen \u00f6ffentlichen Bereichen<\/p>\n<p>\u2606 Sport- und Animationszentrum<\/p>\n<p>&nbsp;<\/p>\n<h6>Abendunterhaltung w\u00e4hrend der Woche<\/h6>\n<p>&nbsp;<\/p>\n<p>\u2606 Live-Band mit Grillen<\/p>\n<p>\u2606 Acrobat-Show<\/p>\n<p>\u2606 Traditionelle T\u00e4nze<\/p>\n<p>&nbsp;<\/p>\n<h6>Sport und Aktivit\u00e4ten w\u00e4hrend des Tages<\/h6>\n<p>&nbsp;<\/p>\n<p>\u2606 Swimming pool und Kinder Pool<\/p>\n<p>\u2606 Tennis<\/p>\n<p>\u2606 Squash<\/p>\n<p>\u2606 Fitnessstudio<\/p>\n<p>\u2606 Billard<\/p>\n<p>\u2606 Minigolf<\/p>\n<p>\u2606 Pitch und Putting Green<\/p>\n<p>\u2606 Tischtennis<\/p>\n<p>\u2606 Darts<\/p>\n<p>\u2606 Beachvolleyball<\/p>\n<p>\u2606 Wasserball<\/p>\n<p>\u2606 Wasseraerobic<\/p>\n<p>\u2606 Kitesurfen \/ SUP \/ Kajak (gegen Aufpreis)<\/p>\n<p>&nbsp;<\/p>\n<h6>Anfahrt<\/h6>\n<p>&nbsp;<\/p>\n<p>Das Resort liegt am Diani Beach, 35 Kilometer s\u00fcdlich von Mombasa. Ein Flughafenshuttleservice f\u00fcr G\u00e4ste, die vom internationalen Flughafen Mombasa aus anreisen, kann \u00fcber das Hotel arrangiert werden. Fl\u00fcge nach Ukunda, die etwa 5 Autominuten vom Hotel entfernt sind, k\u00f6nnen ebenfalls organisiert werden.<\/p>","protected":false},"excerpt":{"rendered":"<p>All-Inclusive-Verpflegungsplan &nbsp; (Fr\u00fchst\u00fcck, Mittag- und Abendessen sowie Snack) Fr\u00fchst\u00fcck von 7:30 bis 10:00 Uhr Mittagessen 12:30 &#8211; 14:00 Uhr Kaffee und Tee 16:00 &#8211; 17:00 Uhr Abendessen 19:30 &#8211; 21:00 Uhr Snackbar ge\u00f6ffnet von 11:00 bis 16:00 Uhr Pool Bar ist von 11:00 bis 24:00 Uhr ge\u00f6ffnet \u2606 24 Stunden Rezeption \u2606 Wechselstube \u2606 Pool- [&hellip;]<\/p>\n","protected":false},"author":2,"featured_media":0,"parent":53,"menu_order":0,"comment_status":"closed","ping_status":"closed","template":"","meta":{"_acf_changed":false,"footnotes":""},"class_list":["post-398","page","type-page","status-publish","hentry"],"acf":[],"yoast_head":"<!-- This site is optimized with the Yoast SEO plugin v27.4 - https:\/\/yoast.com\/product\/yoast-seo-wordpress\/ -->\n<title>Service - Diani Sea Lodge<\/title>\n<meta name=\"robots\" content=\"index, follow, max-snippet:-1, max-image-preview:large, max-video-preview:-1\" \/>\n<link rel=\"canonical\" href=\"https:\/\/www.dianisealodge.de\/the-hotel\/services\/\" \/>\n<meta property=\"og:locale\" content=\"de_DE\" \/>\n<meta property=\"og:type\" content=\"article\" \/>\n<meta property=\"og:title\" content=\"Service - Diani Sea Lodge\" \/>\n<meta property=\"og:description\" content=\"All-Inclusive-Verpflegungsplan &nbsp; (Fr\u00fchst\u00fcck, Mittag- und Abendessen sowie Snack) Fr\u00fchst\u00fcck von 7:30 bis 10:00 Uhr Mittagessen 12:30 &#8211; 14:00 Uhr Kaffee und Tee 16:00 &#8211; 17:00 Uhr Abendessen 19:30 &#8211; 21:00 Uhr Snackbar ge\u00f6ffnet von 11:00 bis 16:00 Uhr Pool Bar ist von 11:00 bis 24:00 Uhr ge\u00f6ffnet \u2606 24 Stunden Rezeption \u2606 Wechselstube \u2606 Pool- [&hellip;]\" \/>\n<meta property=\"og:url\" content=\"https:\/\/www.dianisealodge.de\/the-hotel\/services\/\" \/>\n<meta property=\"og:site_name\" content=\"Diani Sea Lodge\" \/>\n<meta property=\"article:publisher\" content=\"https:\/\/web.facebook.com\/DianiSeaLodge\/\" \/>\n<meta property=\"article:modified_time\" content=\"2022-05-07T07:57:57+00:00\" \/>\n<meta property=\"og:image\" content=\"https:\/\/www.dianisealodge.de\/media\/2018\/11\/Diani-Sea-Lodge-07.jpg\" \/>\n\t<meta property=\"og:image:width\" content=\"1980\" \/>\n\t<meta property=\"og:image:height\" content=\"1320\" \/>\n\t<meta property=\"og:image:type\" content=\"image\/jpeg\" \/>\n<meta name=\"twitter:card\" content=\"summary_large_image\" \/>\n<meta name=\"twitter:site\" content=\"@DianiSeaLodge\" \/>\n<meta name=\"twitter:label1\" content=\"Gesch\u00e4tzte Lesezeit\" \/>\n\t<meta name=\"twitter:data1\" content=\"2\u00a0Minuten\" \/>\n<script type=\"application\/ld+json\" class=\"yoast-schema-graph\">{\"@context\":\"https:\\\/\\\/schema.org\",\"@graph\":[{\"@type\":\"WebPage\",\"@id\":\"https:\\\/\\\/www.dianisealodge.de\\\/the-hotel\\\/services\\\/\",\"url\":\"https:\\\/\\\/www.dianisealodge.de\\\/the-hotel\\\/services\\\/\",\"name\":\"Service - Diani Sea Lodge\",\"isPartOf\":{\"@id\":\"https:\\\/\\\/www.dianisealodge.de\\\/#website\"},\"datePublished\":\"2018-10-27T09:08:48+00:00\",\"dateModified\":\"2022-05-07T07:57:57+00:00\",\"breadcrumb\":{\"@id\":\"https:\\\/\\\/www.dianisealodge.de\\\/the-hotel\\\/services\\\/#breadcrumb\"},\"inLanguage\":\"de\",\"potentialAction\":[{\"@type\":\"ReadAction\",\"target\":[\"https:\\\/\\\/www.dianisealodge.de\\\/the-hotel\\\/services\\\/\"]}]},{\"@type\":\"BreadcrumbList\",\"@id\":\"https:\\\/\\\/www.dianisealodge.de\\\/the-hotel\\\/services\\\/#breadcrumb\",\"itemListElement\":[{\"@type\":\"ListItem\",\"position\":1,\"name\":\"Home\",\"item\":\"https:\\\/\\\/www.dianisealodge.de\\\/\"},{\"@type\":\"ListItem\",\"position\":2,\"name\":\"The Hotel\",\"item\":\"https:\\\/\\\/www.dianisealodge.de\\\/the-hotel\\\/\"},{\"@type\":\"ListItem\",\"position\":3,\"name\":\"Services\"}]},{\"@type\":\"WebSite\",\"@id\":\"https:\\\/\\\/www.dianisealodge.de\\\/#website\",\"url\":\"https:\\\/\\\/www.dianisealodge.de\\\/\",\"name\":\"Diani Sea Lodge\",\"description\":\"\",\"potentialAction\":[{\"@type\":\"SearchAction\",\"target\":{\"@type\":\"EntryPoint\",\"urlTemplate\":\"https:\\\/\\\/www.dianisealodge.de\\\/?s={search_term_string}\"},\"query-input\":{\"@type\":\"PropertyValueSpecification\",\"valueRequired\":true,\"valueName\":\"search_term_string\"}}],\"inLanguage\":\"de\"}]}<\/script>\n<!-- \/ Yoast SEO plugin. -->","yoast_head_json":{"title":"Service - Diani Sea Lodge","robots":{"index":"index","follow":"follow","max-snippet":"max-snippet:-1","max-image-preview":"max-image-preview:large","max-video-preview":"max-video-preview:-1"},"canonical":"https:\/\/www.dianisealodge.de\/the-hotel\/services\/","og_locale":"de_DE","og_type":"article","og_title":"Service - Diani Sea Lodge","og_description":"All-Inclusive-Verpflegungsplan &nbsp; (Fr\u00fchst\u00fcck, Mittag- und Abendessen sowie Snack) Fr\u00fchst\u00fcck von 7:30 bis 10:00 Uhr Mittagessen 12:30 &#8211; 14:00 Uhr Kaffee und Tee 16:00 &#8211; 17:00 Uhr Abendessen 19:30 &#8211; 21:00 Uhr Snackbar ge\u00f6ffnet von 11:00 bis 16:00 Uhr Pool Bar ist von 11:00 bis 24:00 Uhr ge\u00f6ffnet \u2606 24 Stunden Rezeption \u2606 Wechselstube \u2606 Pool- [&hellip;]","og_url":"https:\/\/www.dianisealodge.de\/the-hotel\/services\/","og_site_name":"Diani Sea Lodge","article_publisher":"https:\/\/web.facebook.com\/DianiSeaLodge\/","article_modified_time":"2022-05-07T07:57:57+00:00","og_image":[{"width":1980,"height":1320,"url":"https:\/\/www.dianisealodge.de\/media\/2018\/11\/Diani-Sea-Lodge-07.jpg","type":"image\/jpeg"}],"twitter_card":"summary_large_image","twitter_site":"@DianiSeaLodge","twitter_misc":{"Gesch\u00e4tzte Lesezeit":"2\u00a0Minuten"},"schema":{"@context":"https:\/\/schema.org","@graph":[{"@type":"WebPage","@id":"https:\/\/www.dianisealodge.de\/the-hotel\/services\/","url":"https:\/\/www.dianisealodge.de\/the-hotel\/services\/","name":"Service - Diani Sea Lodge","isPartOf":{"@id":"https:\/\/www.dianisealodge.de\/#website"},"datePublished":"2018-10-27T09:08:48+00:00","dateModified":"2022-05-07T07:57:57+00:00","breadcrumb":{"@id":"https:\/\/www.dianisealodge.de\/the-hotel\/services\/#breadcrumb"},"inLanguage":"de","potentialAction":[{"@type":"ReadAction","target":["https:\/\/www.dianisealodge.de\/the-hotel\/services\/"]}]},{"@type":"BreadcrumbList","@id":"https:\/\/www.dianisealodge.de\/the-hotel\/services\/#breadcrumb","itemListElement":[{"@type":"ListItem","position":1,"name":"Home","item":"https:\/\/www.dianisealodge.de\/"},{"@type":"ListItem","position":2,"name":"The Hotel","item":"https:\/\/www.dianisealodge.de\/the-hotel\/"},{"@type":"ListItem","position":3,"name":"Services"}]},{"@type":"WebSite","@id":"https:\/\/www.dianisealodge.de\/#website","url":"https:\/\/www.dianisealodge.de\/","name":"Diani Sea Lodge","description":"","potentialAction":[{"@type":"SearchAction","target":{"@type":"EntryPoint","urlTemplate":"https:\/\/www.dianisealodge.de\/?s={search_term_string}"},"query-input":{"@type":"PropertyValueSpecification","valueRequired":true,"valueName":"search_term_string"}}],"inLanguage":"de"}]}},"_links":{"self":[{"href":"https:\/\/www.dianisealodge.de\/de\/wp-json\/wp\/v2\/pages\/398","targetHints":{"allow":["GET"]}}],"collection":[{"href":"https:\/\/www.dianisealodge.de\/de\/wp-json\/wp\/v2\/pages"}],"about":[{"href":"https:\/\/www.dianisealodge.de\/de\/wp-json\/wp\/v2\/types\/page"}],"author":[{"embeddable":true,"href":"https:\/\/www.dianisealodge.de\/de\/wp-json\/wp\/v2\/users\/2"}],"replies":[{"embeddable":true,"href":"https:\/\/www.dianisealodge.de\/de\/wp-json\/wp\/v2\/comments?post=398"}],"version-history":[{"count":2,"href":"https:\/\/www.dianisealodge.de\/de\/wp-json\/wp\/v2\/pages\/398\/revisions"}],"predecessor-version":[{"id":3843,"href":"https:\/\/www.dianisealodge.de\/de\/wp-json\/wp\/v2\/pages\/398\/revisions\/3843"}],"up":[{"embeddable":true,"href":"https:\/\/www.dianisealodge.de\/de\/wp-json\/wp\/v2\/pages\/53"}],"wp:attachment":[{"href":"https:\/\/www.dianisealodge.de\/de\/wp-json\/wp\/v2\/media?parent=398"}],"curies":[{"name":"wp","href":"https:\/\/api.w.org\/{rel}","templated":true}]}}