{"id":3497,"date":"2022-04-05T21:42:29","date_gmt":"2022-04-05T18:42:29","guid":{"rendered":"https:\/\/www.dianisealodge.de\/?page_id=3497"},"modified":"2025-10-10T06:47:15","modified_gmt":"2025-10-10T03:47:15","slug":"deutsch-sustainability","status":"publish","type":"page","link":"https:\/\/www.dianisealodge.de\/de\/sustainability\/","title":{"rendered":"(English) Sustainability"},"content":{"rendered":"<p class=\"qtranxs-available-languages-message qtranxs-available-languages-message-de\">Leider ist der Eintrag nur auf <a href=\"https:\/\/www.dianisealodge.de\/en\/wp-json\/wp\/v2\/pages\/3497\" class=\"qtranxs-available-language-link qtranxs-available-language-link-en\" title=\"English\">English<\/a> verf\u00fcgbar. Der Inhalt wird unten in einer verf\u00fcgbaren Sprache angezeigt. Klicken Sie auf den Link, um die aktuelle Sprache zu \u00e4ndern.<\/p><p>&nbsp;<\/p>\n<h3>OUR FUTURE WORLD DEPENDS ON US<\/h3>\n<p>&nbsp;<\/p>\n<p>At Diani Sea Lodge we believe that our future depends on the commitment we make to environmental conservation and to the development of the local community.<\/p>\n<p>Among other things, we have managed to reduce our waste by being one of the first hotels on the coast to introduce refillable water bottles in the room, using paper straws and rechargeable batteries. We support Diani\u2019s Recycling Project not only by separating our waste but also with man power. We support several community projects throughout the year and have our own trainee program in order to involve local youth.<\/p>\n<p>&nbsp;<\/p>\n<p><a href=\"https:\/\/www.dianisealodge.de\/media\/2025\/04\/Sustainability-Report-2025.pdf\">Sustainability Report 2025<br \/>\n<img loading=\"lazy\" decoding=\"async\" src=\"https:\/\/www.dianisealodge.de\/media\/2022\/04\/Sustainability-Report-2022.jpg\" alt=\"\" width=\"300\" height=\"400\" \/><\/a><\/p>\n<p><a href=\"https:\/\/www.dianisealodge.de\/media\/2025\/04\/Waste-Minimisation-Policy-2023.pdf\">Waste Minimisation Policy<br \/>\n<img loading=\"lazy\" decoding=\"async\" src=\"https:\/\/www.dianisealodge.de\/media\/2022\/04\/Waste-Minimisation-Policy-2022.jpg\" alt=\"\" width=\"300\" height=\"400\" \/><\/a><\/p>\n<p><a href=\"https:\/\/www.dianisealodge.de\/media\/2025\/04\/Responsible-Purchasing-Policy.pdf\">Responsible Procurement Policy<br \/>\n<img loading=\"lazy\" decoding=\"async\" src=\"https:\/\/www.dianisealodge.de\/media\/2022\/04\/Responsible-Procurement-2022.jpg\" alt=\"\" width=\"300\" height=\"400\" \/><\/a><\/p>\n<p><a href=\"https:\/\/www.dianisealodge.de\/media\/2025\/04\/Green-Hospitality-Policy.pdf\">Green Hospitality Policy<br \/>\n<img loading=\"lazy\" decoding=\"async\" src=\"https:\/\/www.dianisealodge.de\/media\/2022\/04\/Green-Hospitality-Policy.jpg\" alt=\"\" width=\"300\" height=\"400\" \/><\/a><\/p>\n<p><a href=\"https:\/\/www.dianisealodge.de\/media\/2025\/04\/Employee-and-Community-Policy.pdf\">Employee and Community Policy<br \/>\n<img loading=\"lazy\" decoding=\"async\" src=\"https:\/\/www.dianisealodge.de\/media\/2022\/04\/Employee-and-Community-Policy.jpg\" alt=\"\" width=\"300\" height=\"400\" \/><\/a><\/p>\n<p><a href=\"https:\/\/www.dianisealodge.de\/media\/2025\/04\/Harrasment-Policy-2023.pdf\">Harrasment Policy<br \/>\n<img loading=\"lazy\" decoding=\"async\" src=\"https:\/\/www.dianisealodge.de\/media\/2022\/04\/Harrasment-Policy-2022.jpg\" alt=\"\" width=\"300\" height=\"400\" \/><\/a><\/p>\n<p><a href=\"https:\/\/www.dianisealodge.de\/media\/2025\/04\/Child-Protection-Policy.pdf\">Child Protection Policy<br \/>\n<img loading=\"lazy\" decoding=\"async\" src=\"https:\/\/www.dianisealodge.de\/media\/2022\/04\/Child-Protection-Policy.jpg\" alt=\"\" width=\"300\" height=\"400\" \/><\/a><\/p>","protected":false},"excerpt":{"rendered":"<p>Leider ist der Eintrag nur auf English verf\u00fcgbar. Der Inhalt wird unten in einer verf\u00fcgbaren Sprache angezeigt. Klicken Sie auf den Link, um die aktuelle Sprache zu \u00e4ndern.&nbsp; OUR FUTURE WORLD DEPENDS ON US &nbsp; At Diani Sea Lodge we believe that our future depends on the commitment we make to environmental conservation and to [&hellip;]<\/p>\n","protected":false},"author":2,"featured_media":0,"parent":0,"menu_order":0,"comment_status":"closed","ping_status":"closed","template":"","meta":{"_acf_changed":false,"footnotes":""},"class_list":["post-3497","page","type-page","status-publish","hentry"],"acf":[],"yoast_head":"<!-- This site is optimized with the Yoast SEO plugin v27.5 - https:\/\/yoast.com\/product\/yoast-seo-wordpress\/ -->\n<title>(English) Sustainability - Diani Sea Lodge<\/title>\n<meta name=\"robots\" content=\"index, follow, max-snippet:-1, max-image-preview:large, max-video-preview:-1\" \/>\n<link rel=\"canonical\" href=\"https:\/\/www.dianisealodge.de\/sustainability\/\" \/>\n<meta property=\"og:locale\" content=\"de_DE\" \/>\n<meta property=\"og:type\" content=\"article\" \/>\n<meta property=\"og:title\" content=\"(English) Sustainability - Diani Sea Lodge\" \/>\n<meta property=\"og:description\" content=\"Leider ist der Eintrag nur auf English verf\u00fcgbar. Der Inhalt wird unten in einer verf\u00fcgbaren Sprache angezeigt. Klicken Sie auf den Link, um die aktuelle Sprache zu \u00e4ndern.&nbsp; OUR FUTURE WORLD DEPENDS ON US &nbsp; At Diani Sea Lodge we believe that our future depends on the commitment we make to environmental conservation and to [&hellip;]\" \/>\n<meta property=\"og:url\" content=\"https:\/\/www.dianisealodge.de\/sustainability\/\" \/>\n<meta property=\"og:site_name\" content=\"Diani Sea Lodge\" \/>\n<meta property=\"article:publisher\" content=\"https:\/\/web.facebook.com\/DianiSeaLodge\/\" \/>\n<meta property=\"article:modified_time\" content=\"2025-10-10T03:47:15+00:00\" \/>\n<meta property=\"og:image\" content=\"https:\/\/www.dianisealodge.de\/media\/2022\/04\/Sustainability-Report-2022.jpg\" \/>\n<meta name=\"twitter:card\" content=\"summary_large_image\" \/>\n<meta name=\"twitter:site\" content=\"@DianiSeaLodge\" \/>\n<meta name=\"twitter:label1\" content=\"Gesch\u00e4tzte Lesezeit\" \/>\n\t<meta name=\"twitter:data1\" content=\"2\u00a0Minuten\" \/>\n<script type=\"application\/ld+json\" class=\"yoast-schema-graph\">{\"@context\":\"https:\\\/\\\/schema.org\",\"@graph\":[{\"@type\":\"WebPage\",\"@id\":\"https:\\\/\\\/www.dianisealodge.de\\\/sustainability\\\/\",\"url\":\"https:\\\/\\\/www.dianisealodge.de\\\/sustainability\\\/\",\"name\":\"(English) Sustainability - Diani Sea Lodge\",\"isPartOf\":{\"@id\":\"https:\\\/\\\/www.dianisealodge.de\\\/#website\"},\"primaryImageOfPage\":{\"@id\":\"https:\\\/\\\/www.dianisealodge.de\\\/sustainability\\\/#primaryimage\"},\"image\":{\"@id\":\"https:\\\/\\\/www.dianisealodge.de\\\/sustainability\\\/#primaryimage\"},\"thumbnailUrl\":\"https:\\\/\\\/www.dianisealodge.de\\\/media\\\/2022\\\/04\\\/Sustainability-Report-2022.jpg\",\"datePublished\":\"2022-04-05T18:42:29+00:00\",\"dateModified\":\"2025-10-10T03:47:15+00:00\",\"breadcrumb\":{\"@id\":\"https:\\\/\\\/www.dianisealodge.de\\\/sustainability\\\/#breadcrumb\"},\"inLanguage\":\"de\",\"potentialAction\":[{\"@type\":\"ReadAction\",\"target\":[\"https:\\\/\\\/www.dianisealodge.de\\\/sustainability\\\/\"]}]},{\"@type\":\"ImageObject\",\"inLanguage\":\"de\",\"@id\":\"https:\\\/\\\/www.dianisealodge.de\\\/sustainability\\\/#primaryimage\",\"url\":\"https:\\\/\\\/www.dianisealodge.de\\\/media\\\/2022\\\/04\\\/Sustainability-Report-2022.jpg\",\"contentUrl\":\"https:\\\/\\\/www.dianisealodge.de\\\/media\\\/2022\\\/04\\\/Sustainability-Report-2022.jpg\"},{\"@type\":\"BreadcrumbList\",\"@id\":\"https:\\\/\\\/www.dianisealodge.de\\\/sustainability\\\/#breadcrumb\",\"itemListElement\":[{\"@type\":\"ListItem\",\"position\":1,\"name\":\"Home\",\"item\":\"https:\\\/\\\/www.dianisealodge.de\\\/\"},{\"@type\":\"ListItem\",\"position\":2,\"name\":\"Sustainability\"}]},{\"@type\":\"WebSite\",\"@id\":\"https:\\\/\\\/www.dianisealodge.de\\\/#website\",\"url\":\"https:\\\/\\\/www.dianisealodge.de\\\/\",\"name\":\"Diani Sea Lodge\",\"description\":\"\",\"potentialAction\":[{\"@type\":\"SearchAction\",\"target\":{\"@type\":\"EntryPoint\",\"urlTemplate\":\"https:\\\/\\\/www.dianisealodge.de\\\/?s={search_term_string}\"},\"query-input\":{\"@type\":\"PropertyValueSpecification\",\"valueRequired\":true,\"valueName\":\"search_term_string\"}}],\"inLanguage\":\"de\"}]}<\/script>\n<!-- \/ Yoast SEO plugin. -->","yoast_head_json":{"title":"(English) Sustainability - Diani Sea Lodge","robots":{"index":"index","follow":"follow","max-snippet":"max-snippet:-1","max-image-preview":"max-image-preview:large","max-video-preview":"max-video-preview:-1"},"canonical":"https:\/\/www.dianisealodge.de\/sustainability\/","og_locale":"de_DE","og_type":"article","og_title":"(English) Sustainability - Diani Sea Lodge","og_description":"Leider ist der Eintrag nur auf English verf\u00fcgbar. Der Inhalt wird unten in einer verf\u00fcgbaren Sprache angezeigt. Klicken Sie auf den Link, um die aktuelle Sprache zu \u00e4ndern.&nbsp; OUR FUTURE WORLD DEPENDS ON US &nbsp; At Diani Sea Lodge we believe that our future depends on the commitment we make to environmental conservation and to [&hellip;]","og_url":"https:\/\/www.dianisealodge.de\/sustainability\/","og_site_name":"Diani Sea Lodge","article_publisher":"https:\/\/web.facebook.com\/DianiSeaLodge\/","article_modified_time":"2025-10-10T03:47:15+00:00","og_image":[{"url":"https:\/\/www.dianisealodge.de\/media\/2022\/04\/Sustainability-Report-2022.jpg","type":"","width":"","height":""}],"twitter_card":"summary_large_image","twitter_site":"@DianiSeaLodge","twitter_misc":{"Gesch\u00e4tzte Lesezeit":"2\u00a0Minuten"},"schema":{"@context":"https:\/\/schema.org","@graph":[{"@type":"WebPage","@id":"https:\/\/www.dianisealodge.de\/sustainability\/","url":"https:\/\/www.dianisealodge.de\/sustainability\/","name":"(English) Sustainability - Diani Sea Lodge","isPartOf":{"@id":"https:\/\/www.dianisealodge.de\/#website"},"primaryImageOfPage":{"@id":"https:\/\/www.dianisealodge.de\/sustainability\/#primaryimage"},"image":{"@id":"https:\/\/www.dianisealodge.de\/sustainability\/#primaryimage"},"thumbnailUrl":"https:\/\/www.dianisealodge.de\/media\/2022\/04\/Sustainability-Report-2022.jpg","datePublished":"2022-04-05T18:42:29+00:00","dateModified":"2025-10-10T03:47:15+00:00","breadcrumb":{"@id":"https:\/\/www.dianisealodge.de\/sustainability\/#breadcrumb"},"inLanguage":"de","potentialAction":[{"@type":"ReadAction","target":["https:\/\/www.dianisealodge.de\/sustainability\/"]}]},{"@type":"ImageObject","inLanguage":"de","@id":"https:\/\/www.dianisealodge.de\/sustainability\/#primaryimage","url":"https:\/\/www.dianisealodge.de\/media\/2022\/04\/Sustainability-Report-2022.jpg","contentUrl":"https:\/\/www.dianisealodge.de\/media\/2022\/04\/Sustainability-Report-2022.jpg"},{"@type":"BreadcrumbList","@id":"https:\/\/www.dianisealodge.de\/sustainability\/#breadcrumb","itemListElement":[{"@type":"ListItem","position":1,"name":"Home","item":"https:\/\/www.dianisealodge.de\/"},{"@type":"ListItem","position":2,"name":"Sustainability"}]},{"@type":"WebSite","@id":"https:\/\/www.dianisealodge.de\/#website","url":"https:\/\/www.dianisealodge.de\/","name":"Diani Sea Lodge","description":"","potentialAction":[{"@type":"SearchAction","target":{"@type":"EntryPoint","urlTemplate":"https:\/\/www.dianisealodge.de\/?s={search_term_string}"},"query-input":{"@type":"PropertyValueSpecification","valueRequired":true,"valueName":"search_term_string"}}],"inLanguage":"de"}]}},"_links":{"self":[{"href":"https:\/\/www.dianisealodge.de\/de\/wp-json\/wp\/v2\/pages\/3497","targetHints":{"allow":["GET"]}}],"collection":[{"href":"https:\/\/www.dianisealodge.de\/de\/wp-json\/wp\/v2\/pages"}],"about":[{"href":"https:\/\/www.dianisealodge.de\/de\/wp-json\/wp\/v2\/types\/page"}],"author":[{"embeddable":true,"href":"https:\/\/www.dianisealodge.de\/de\/wp-json\/wp\/v2\/users\/2"}],"replies":[{"embeddable":true,"href":"https:\/\/www.dianisealodge.de\/de\/wp-json\/wp\/v2\/comments?post=3497"}],"version-history":[{"count":9,"href":"https:\/\/www.dianisealodge.de\/de\/wp-json\/wp\/v2\/pages\/3497\/revisions"}],"predecessor-version":[{"id":10820,"href":"https:\/\/www.dianisealodge.de\/de\/wp-json\/wp\/v2\/pages\/3497\/revisions\/10820"}],"wp:attachment":[{"href":"https:\/\/www.dianisealodge.de\/de\/wp-json\/wp\/v2\/media?parent=3497"}],"curies":[{"name":"wp","href":"https:\/\/api.w.org\/{rel}","templated":true}]}}