{"id":161,"date":"2018-07-04T20:24:18","date_gmt":"2018-07-04T20:24:18","guid":{"rendered":"https:\/\/www.dianisealodge.de\/?page_id=161"},"modified":"2024-05-03T21:32:20","modified_gmt":"2024-05-03T18:32:20","slug":"maasai-bar","status":"publish","type":"page","link":"https:\/\/www.dianisealodge.de\/de\/essen\/hauptbar-de\/","title":{"rendered":"Hauptbar"},"content":{"rendered":"<p>Die Hauptbar ist w\u00e4hrend der Essenszeiten und abends von 18.00 Uhr bis 23.00 Uhr ge\u00f6ffnet. Die Happy Hour mit internationalen Cocktails und All-Inclusive-Getr\u00e4nken ist auf der Terrasse des Restaurants von 18.00 bis 19.00 Uhr verf\u00fcgbar. Das Animationsteam sorgt f\u00fcr abendliche Unterhaltung.<\/p>\n<p><a href=\"https:\/\/www.dianisealodge.de\/media\/2018\/11\/Diani-Sea-Lodge-23.jpg\"><img loading=\"lazy\" decoding=\"async\" class=\"alignnone size-full wp-image-614\" src=\"https:\/\/www.dianisealodge.de\/media\/2018\/11\/Diani-Sea-Lodge-23.jpg\" alt=\"\" width=\"1980\" height=\"1320\" srcset=\"https:\/\/www.dianisealodge.de\/media\/2018\/11\/Diani-Sea-Lodge-23.jpg 1980w, https:\/\/www.dianisealodge.de\/media\/2018\/11\/Diani-Sea-Lodge-23-300x200.jpg 300w, https:\/\/www.dianisealodge.de\/media\/2018\/11\/Diani-Sea-Lodge-23-768x512.jpg 768w, https:\/\/www.dianisealodge.de\/media\/2018\/11\/Diani-Sea-Lodge-23-1024x683.jpg 1024w\" sizes=\"auto, (max-width: 1980px) 100vw, 1980px\" \/><\/a><\/p>","protected":false},"excerpt":{"rendered":"<p>Die Hauptbar ist w\u00e4hrend der Essenszeiten und abends von 18.00 Uhr bis 23.00 Uhr ge\u00f6ffnet. Die Happy Hour mit internationalen Cocktails und All-Inclusive-Getr\u00e4nken ist auf der Terrasse des Restaurants von 18.00 bis 19.00 Uhr verf\u00fcgbar. Das Animationsteam sorgt f\u00fcr abendliche Unterhaltung.<\/p>\n","protected":false},"author":2,"featured_media":0,"parent":129,"menu_order":3,"comment_status":"closed","ping_status":"closed","template":"","meta":{"_acf_changed":false,"footnotes":""},"class_list":["post-161","page","type-page","status-publish","hentry"],"acf":[],"yoast_head":"<!-- This site is optimized with the Yoast SEO plugin v27.4 - https:\/\/yoast.com\/product\/yoast-seo-wordpress\/ -->\n<title>Hauptbar - Diani Sea Lodge<\/title>\n<meta name=\"robots\" content=\"index, follow, max-snippet:-1, max-image-preview:large, max-video-preview:-1\" \/>\n<link rel=\"canonical\" href=\"https:\/\/www.dianisealodge.de\/dining\/main-bar\/\" \/>\n<meta property=\"og:locale\" content=\"de_DE\" \/>\n<meta property=\"og:type\" content=\"article\" \/>\n<meta property=\"og:title\" content=\"Hauptbar - Diani Sea Lodge\" \/>\n<meta property=\"og:description\" content=\"Die Hauptbar ist w\u00e4hrend der Essenszeiten und abends von 18.00 Uhr bis 23.00 Uhr ge\u00f6ffnet. Die Happy Hour mit internationalen Cocktails und All-Inclusive-Getr\u00e4nken ist auf der Terrasse des Restaurants von 18.00 bis 19.00 Uhr verf\u00fcgbar. Das Animationsteam sorgt f\u00fcr abendliche Unterhaltung.\" \/>\n<meta property=\"og:url\" content=\"https:\/\/www.dianisealodge.de\/dining\/main-bar\/\" \/>\n<meta property=\"og:site_name\" content=\"Diani Sea Lodge\" \/>\n<meta property=\"article:publisher\" content=\"https:\/\/web.facebook.com\/DianiSeaLodge\/\" \/>\n<meta property=\"article:modified_time\" content=\"2024-05-03T18:32:20+00:00\" \/>\n<meta property=\"og:image\" content=\"https:\/\/www.dianisealodge.de\/media\/2024\/05\/0057-DSL-MAIN-AUG-2023-_DSC1360.jpg\" \/>\n<meta name=\"twitter:card\" content=\"summary_large_image\" \/>\n<meta name=\"twitter:site\" content=\"@DianiSeaLodge\" \/>\n<meta name=\"twitter:label1\" content=\"Gesch\u00e4tzte Lesezeit\" \/>\n\t<meta name=\"twitter:data1\" content=\"1\u00a0Minute\" \/>\n<script type=\"application\/ld+json\" class=\"yoast-schema-graph\">{\"@context\":\"https:\\\/\\\/schema.org\",\"@graph\":[{\"@type\":\"WebPage\",\"@id\":\"https:\\\/\\\/www.dianisealodge.de\\\/dining\\\/main-bar\\\/\",\"url\":\"https:\\\/\\\/www.dianisealodge.de\\\/dining\\\/main-bar\\\/\",\"name\":\"Hauptbar - Diani Sea Lodge\",\"isPartOf\":{\"@id\":\"https:\\\/\\\/www.dianisealodge.de\\\/#website\"},\"primaryImageOfPage\":{\"@id\":\"https:\\\/\\\/www.dianisealodge.de\\\/dining\\\/main-bar\\\/#primaryimage\"},\"image\":{\"@id\":\"https:\\\/\\\/www.dianisealodge.de\\\/dining\\\/main-bar\\\/#primaryimage\"},\"thumbnailUrl\":\"https:\\\/\\\/www.dianisealodge.de\\\/media\\\/2024\\\/05\\\/0057-DSL-MAIN-AUG-2023-_DSC1360.jpg\",\"datePublished\":\"2018-07-04T20:24:18+00:00\",\"dateModified\":\"2024-05-03T18:32:20+00:00\",\"breadcrumb\":{\"@id\":\"https:\\\/\\\/www.dianisealodge.de\\\/dining\\\/main-bar\\\/#breadcrumb\"},\"inLanguage\":\"de\",\"potentialAction\":[{\"@type\":\"ReadAction\",\"target\":[\"https:\\\/\\\/www.dianisealodge.de\\\/dining\\\/main-bar\\\/\"]}]},{\"@type\":\"ImageObject\",\"inLanguage\":\"de\",\"@id\":\"https:\\\/\\\/www.dianisealodge.de\\\/dining\\\/main-bar\\\/#primaryimage\",\"url\":\"https:\\\/\\\/www.dianisealodge.de\\\/media\\\/2024\\\/05\\\/0057-DSL-MAIN-AUG-2023-_DSC1360.jpg\",\"contentUrl\":\"https:\\\/\\\/www.dianisealodge.de\\\/media\\\/2024\\\/05\\\/0057-DSL-MAIN-AUG-2023-_DSC1360.jpg\"},{\"@type\":\"BreadcrumbList\",\"@id\":\"https:\\\/\\\/www.dianisealodge.de\\\/dining\\\/main-bar\\\/#breadcrumb\",\"itemListElement\":[{\"@type\":\"ListItem\",\"position\":1,\"name\":\"Home\",\"item\":\"https:\\\/\\\/www.dianisealodge.de\\\/\"},{\"@type\":\"ListItem\",\"position\":2,\"name\":\"Essen\",\"item\":\"https:\\\/\\\/www.dianisealodge.de\\\/de\\\/essen\\\/\"},{\"@type\":\"ListItem\",\"position\":3,\"name\":\"Main Bar\"}]},{\"@type\":\"WebSite\",\"@id\":\"https:\\\/\\\/www.dianisealodge.de\\\/#website\",\"url\":\"https:\\\/\\\/www.dianisealodge.de\\\/\",\"name\":\"Diani Sea Lodge\",\"description\":\"\",\"potentialAction\":[{\"@type\":\"SearchAction\",\"target\":{\"@type\":\"EntryPoint\",\"urlTemplate\":\"https:\\\/\\\/www.dianisealodge.de\\\/?s={search_term_string}\"},\"query-input\":{\"@type\":\"PropertyValueSpecification\",\"valueRequired\":true,\"valueName\":\"search_term_string\"}}],\"inLanguage\":\"de\"}]}<\/script>\n<!-- \/ Yoast SEO plugin. -->","yoast_head_json":{"title":"Hauptbar - Diani Sea Lodge","robots":{"index":"index","follow":"follow","max-snippet":"max-snippet:-1","max-image-preview":"max-image-preview:large","max-video-preview":"max-video-preview:-1"},"canonical":"https:\/\/www.dianisealodge.de\/dining\/main-bar\/","og_locale":"de_DE","og_type":"article","og_title":"Hauptbar - Diani Sea Lodge","og_description":"Die Hauptbar ist w\u00e4hrend der Essenszeiten und abends von 18.00 Uhr bis 23.00 Uhr ge\u00f6ffnet. Die Happy Hour mit internationalen Cocktails und All-Inclusive-Getr\u00e4nken ist auf der Terrasse des Restaurants von 18.00 bis 19.00 Uhr verf\u00fcgbar. Das Animationsteam sorgt f\u00fcr abendliche Unterhaltung.","og_url":"https:\/\/www.dianisealodge.de\/dining\/main-bar\/","og_site_name":"Diani Sea Lodge","article_publisher":"https:\/\/web.facebook.com\/DianiSeaLodge\/","article_modified_time":"2024-05-03T18:32:20+00:00","og_image":[{"url":"https:\/\/www.dianisealodge.de\/media\/2024\/05\/0057-DSL-MAIN-AUG-2023-_DSC1360.jpg","type":"","width":"","height":""}],"twitter_card":"summary_large_image","twitter_site":"@DianiSeaLodge","twitter_misc":{"Gesch\u00e4tzte Lesezeit":"1\u00a0Minute"},"schema":{"@context":"https:\/\/schema.org","@graph":[{"@type":"WebPage","@id":"https:\/\/www.dianisealodge.de\/dining\/main-bar\/","url":"https:\/\/www.dianisealodge.de\/dining\/main-bar\/","name":"Hauptbar - Diani Sea Lodge","isPartOf":{"@id":"https:\/\/www.dianisealodge.de\/#website"},"primaryImageOfPage":{"@id":"https:\/\/www.dianisealodge.de\/dining\/main-bar\/#primaryimage"},"image":{"@id":"https:\/\/www.dianisealodge.de\/dining\/main-bar\/#primaryimage"},"thumbnailUrl":"https:\/\/www.dianisealodge.de\/media\/2024\/05\/0057-DSL-MAIN-AUG-2023-_DSC1360.jpg","datePublished":"2018-07-04T20:24:18+00:00","dateModified":"2024-05-03T18:32:20+00:00","breadcrumb":{"@id":"https:\/\/www.dianisealodge.de\/dining\/main-bar\/#breadcrumb"},"inLanguage":"de","potentialAction":[{"@type":"ReadAction","target":["https:\/\/www.dianisealodge.de\/dining\/main-bar\/"]}]},{"@type":"ImageObject","inLanguage":"de","@id":"https:\/\/www.dianisealodge.de\/dining\/main-bar\/#primaryimage","url":"https:\/\/www.dianisealodge.de\/media\/2024\/05\/0057-DSL-MAIN-AUG-2023-_DSC1360.jpg","contentUrl":"https:\/\/www.dianisealodge.de\/media\/2024\/05\/0057-DSL-MAIN-AUG-2023-_DSC1360.jpg"},{"@type":"BreadcrumbList","@id":"https:\/\/www.dianisealodge.de\/dining\/main-bar\/#breadcrumb","itemListElement":[{"@type":"ListItem","position":1,"name":"Home","item":"https:\/\/www.dianisealodge.de\/"},{"@type":"ListItem","position":2,"name":"Essen","item":"https:\/\/www.dianisealodge.de\/de\/essen\/"},{"@type":"ListItem","position":3,"name":"Main Bar"}]},{"@type":"WebSite","@id":"https:\/\/www.dianisealodge.de\/#website","url":"https:\/\/www.dianisealodge.de\/","name":"Diani Sea Lodge","description":"","potentialAction":[{"@type":"SearchAction","target":{"@type":"EntryPoint","urlTemplate":"https:\/\/www.dianisealodge.de\/?s={search_term_string}"},"query-input":{"@type":"PropertyValueSpecification","valueRequired":true,"valueName":"search_term_string"}}],"inLanguage":"de"}]}},"_links":{"self":[{"href":"https:\/\/www.dianisealodge.de\/de\/wp-json\/wp\/v2\/pages\/161","targetHints":{"allow":["GET"]}}],"collection":[{"href":"https:\/\/www.dianisealodge.de\/de\/wp-json\/wp\/v2\/pages"}],"about":[{"href":"https:\/\/www.dianisealodge.de\/de\/wp-json\/wp\/v2\/types\/page"}],"author":[{"embeddable":true,"href":"https:\/\/www.dianisealodge.de\/de\/wp-json\/wp\/v2\/users\/2"}],"replies":[{"embeddable":true,"href":"https:\/\/www.dianisealodge.de\/de\/wp-json\/wp\/v2\/comments?post=161"}],"version-history":[{"count":2,"href":"https:\/\/www.dianisealodge.de\/de\/wp-json\/wp\/v2\/pages\/161\/revisions"}],"predecessor-version":[{"id":10437,"href":"https:\/\/www.dianisealodge.de\/de\/wp-json\/wp\/v2\/pages\/161\/revisions\/10437"}],"up":[{"embeddable":true,"href":"https:\/\/www.dianisealodge.de\/de\/wp-json\/wp\/v2\/pages\/129"}],"wp:attachment":[{"href":"https:\/\/www.dianisealodge.de\/de\/wp-json\/wp\/v2\/media?parent=161"}],"curies":[{"name":"wp","href":"https:\/\/api.w.org\/{rel}","templated":true}]}}