{"id":153,"date":"2018-07-04T17:35:15","date_gmt":"2018-07-04T17:35:15","guid":{"rendered":"https:\/\/www.dianisealodge.de\/?page_id=153"},"modified":"2018-11-27T08:41:56","modified_gmt":"2018-11-27T05:41:56","slug":"beach-bar","status":"publish","type":"page","link":"https:\/\/www.dianisealodge.de\/de\/essen\/beach-bar-de\/","title":{"rendered":"Beach Bar"},"content":{"rendered":"<p>Unsere Beach Bar hat von 11 bis 16 Uhr ge\u00f6ffnet und bietet Ihnen ein Snack-Men\u00fc. Genie\u00dfen Sie Pizza, Burger und afrikanische Gerichte.<\/p>\n<p>Die Poolbar ist von 11:00 Uhr bis 24:00 Uhr ge\u00f6ffnet. All-inclusive-Getr\u00e4nke, die in den Bars mit Glas serviert werden, umfassen: Cola,Fanta, Bitter Lemon, Sprite, Fruchts\u00e4fte, Wasser, Sodawasser, lokales Bier, ausgew\u00e4hlte lokale Spirituosen, verschiedene Cocktails und Hauswein.<\/p>\n<p><a href=\"https:\/\/www.dianisealodge.de\/media\/2018\/11\/GOPR0389.jpg\"><img loading=\"lazy\" decoding=\"async\" class=\"alignnone size-full wp-image-735\" src=\"https:\/\/www.dianisealodge.de\/media\/2018\/11\/GOPR0389.jpg\" alt=\"\" width=\"1980\" height=\"1320\" srcset=\"https:\/\/www.dianisealodge.de\/media\/2018\/11\/GOPR0389.jpg 1980w, https:\/\/www.dianisealodge.de\/media\/2018\/11\/GOPR0389-300x200.jpg 300w, https:\/\/www.dianisealodge.de\/media\/2018\/11\/GOPR0389-768x512.jpg 768w, https:\/\/www.dianisealodge.de\/media\/2018\/11\/GOPR0389-1024x683.jpg 1024w\" sizes=\"auto, (max-width: 1980px) 100vw, 1980px\" \/><\/a><\/p>\n<p>&nbsp;<\/p>","protected":false},"excerpt":{"rendered":"<p>Unsere Beach Bar hat von 11 bis 16 Uhr ge\u00f6ffnet und bietet Ihnen ein Snack-Men\u00fc. Genie\u00dfen Sie Pizza, Burger und afrikanische Gerichte. Die Poolbar ist von 11:00 Uhr bis 24:00 Uhr ge\u00f6ffnet. All-inclusive-Getr\u00e4nke, die in den Bars mit Glas serviert werden, umfassen: Cola,Fanta, Bitter Lemon, Sprite, Fruchts\u00e4fte, Wasser, Sodawasser, lokales Bier, ausgew\u00e4hlte lokale Spirituosen, verschiedene [&hellip;]<\/p>\n","protected":false},"author":2,"featured_media":0,"parent":129,"menu_order":2,"comment_status":"closed","ping_status":"closed","template":"","meta":{"_acf_changed":false,"footnotes":""},"class_list":["post-153","page","type-page","status-publish","hentry"],"acf":[],"yoast_head":"<!-- This site is optimized with the Yoast SEO plugin v27.4 - https:\/\/yoast.com\/product\/yoast-seo-wordpress\/ -->\n<title>Beach Bar - Diani Sea Lodge<\/title>\n<meta name=\"robots\" content=\"index, follow, max-snippet:-1, max-image-preview:large, max-video-preview:-1\" \/>\n<link rel=\"canonical\" href=\"https:\/\/www.dianisealodge.de\/de\/essen\/beach-bar-de\/\" \/>\n<meta property=\"og:locale\" content=\"de_DE\" \/>\n<meta property=\"og:type\" content=\"article\" \/>\n<meta property=\"og:title\" content=\"Beach Bar - Diani Sea Lodge\" \/>\n<meta property=\"og:description\" content=\"Unsere Beach Bar hat von 11 bis 16 Uhr ge\u00f6ffnet und bietet Ihnen ein Snack-Men\u00fc. Genie\u00dfen Sie Pizza, Burger und afrikanische Gerichte. Die Poolbar ist von 11:00 Uhr bis 24:00 Uhr ge\u00f6ffnet. All-inclusive-Getr\u00e4nke, die in den Bars mit Glas serviert werden, umfassen: Cola,Fanta, Bitter Lemon, Sprite, Fruchts\u00e4fte, Wasser, Sodawasser, lokales Bier, ausgew\u00e4hlte lokale Spirituosen, verschiedene [&hellip;]\" \/>\n<meta property=\"og:url\" content=\"https:\/\/www.dianisealodge.de\/de\/essen\/beach-bar-de\/\" \/>\n<meta property=\"og:site_name\" content=\"Diani Sea Lodge\" \/>\n<meta property=\"article:publisher\" content=\"https:\/\/web.facebook.com\/DianiSeaLodge\/\" \/>\n<meta property=\"article:modified_time\" content=\"2018-11-27T05:41:56+00:00\" \/>\n<meta property=\"og:image\" content=\"https:\/\/www.dianisealodge.de\/media\/2018\/11\/GOPR0389.jpg\" \/>\n<meta name=\"twitter:card\" content=\"summary_large_image\" \/>\n<meta name=\"twitter:site\" content=\"@DianiSeaLodge\" \/>\n<meta name=\"twitter:label1\" content=\"Gesch\u00e4tzte Lesezeit\" \/>\n\t<meta name=\"twitter:data1\" content=\"1\u00a0Minute\" \/>\n<script type=\"application\/ld+json\" class=\"yoast-schema-graph\">{\"@context\":\"https:\\\/\\\/schema.org\",\"@graph\":[{\"@type\":\"WebPage\",\"@id\":\"https:\\\/\\\/www.dianisealodge.de\\\/de\\\/essen\\\/beach-bar-de\\\/\",\"url\":\"https:\\\/\\\/www.dianisealodge.de\\\/de\\\/essen\\\/beach-bar-de\\\/\",\"name\":\"Beach Bar - Diani Sea Lodge\",\"isPartOf\":{\"@id\":\"https:\\\/\\\/www.dianisealodge.de\\\/#website\"},\"primaryImageOfPage\":{\"@id\":\"https:\\\/\\\/www.dianisealodge.de\\\/de\\\/essen\\\/beach-bar-de\\\/#primaryimage\"},\"image\":{\"@id\":\"https:\\\/\\\/www.dianisealodge.de\\\/de\\\/essen\\\/beach-bar-de\\\/#primaryimage\"},\"thumbnailUrl\":\"https:\\\/\\\/www.dianisealodge.de\\\/media\\\/2018\\\/11\\\/GOPR0389.jpg\",\"datePublished\":\"2018-07-04T17:35:15+00:00\",\"dateModified\":\"2018-11-27T05:41:56+00:00\",\"breadcrumb\":{\"@id\":\"https:\\\/\\\/www.dianisealodge.de\\\/de\\\/essen\\\/beach-bar-de\\\/#breadcrumb\"},\"inLanguage\":\"de\",\"potentialAction\":[{\"@type\":\"ReadAction\",\"target\":[\"https:\\\/\\\/www.dianisealodge.de\\\/de\\\/essen\\\/beach-bar-de\\\/\"]}]},{\"@type\":\"ImageObject\",\"inLanguage\":\"de\",\"@id\":\"https:\\\/\\\/www.dianisealodge.de\\\/de\\\/essen\\\/beach-bar-de\\\/#primaryimage\",\"url\":\"https:\\\/\\\/www.dianisealodge.de\\\/media\\\/2018\\\/11\\\/GOPR0389.jpg\",\"contentUrl\":\"https:\\\/\\\/www.dianisealodge.de\\\/media\\\/2018\\\/11\\\/GOPR0389.jpg\"},{\"@type\":\"BreadcrumbList\",\"@id\":\"https:\\\/\\\/www.dianisealodge.de\\\/de\\\/essen\\\/beach-bar-de\\\/#breadcrumb\",\"itemListElement\":[{\"@type\":\"ListItem\",\"position\":1,\"name\":\"Home\",\"item\":\"https:\\\/\\\/www.dianisealodge.de\\\/\"},{\"@type\":\"ListItem\",\"position\":2,\"name\":\"Essen\",\"item\":\"https:\\\/\\\/www.dianisealodge.de\\\/de\\\/essen\\\/\"},{\"@type\":\"ListItem\",\"position\":3,\"name\":\"Beach Bar\"}]},{\"@type\":\"WebSite\",\"@id\":\"https:\\\/\\\/www.dianisealodge.de\\\/#website\",\"url\":\"https:\\\/\\\/www.dianisealodge.de\\\/\",\"name\":\"Diani Sea Lodge\",\"description\":\"\",\"potentialAction\":[{\"@type\":\"SearchAction\",\"target\":{\"@type\":\"EntryPoint\",\"urlTemplate\":\"https:\\\/\\\/www.dianisealodge.de\\\/?s={search_term_string}\"},\"query-input\":{\"@type\":\"PropertyValueSpecification\",\"valueRequired\":true,\"valueName\":\"search_term_string\"}}],\"inLanguage\":\"de\"}]}<\/script>\n<!-- \/ Yoast SEO plugin. -->","yoast_head_json":{"title":"Beach Bar - Diani Sea Lodge","robots":{"index":"index","follow":"follow","max-snippet":"max-snippet:-1","max-image-preview":"max-image-preview:large","max-video-preview":"max-video-preview:-1"},"canonical":"https:\/\/www.dianisealodge.de\/de\/essen\/beach-bar-de\/","og_locale":"de_DE","og_type":"article","og_title":"Beach Bar - Diani Sea Lodge","og_description":"Unsere Beach Bar hat von 11 bis 16 Uhr ge\u00f6ffnet und bietet Ihnen ein Snack-Men\u00fc. Genie\u00dfen Sie Pizza, Burger und afrikanische Gerichte. Die Poolbar ist von 11:00 Uhr bis 24:00 Uhr ge\u00f6ffnet. All-inclusive-Getr\u00e4nke, die in den Bars mit Glas serviert werden, umfassen: Cola,Fanta, Bitter Lemon, Sprite, Fruchts\u00e4fte, Wasser, Sodawasser, lokales Bier, ausgew\u00e4hlte lokale Spirituosen, verschiedene [&hellip;]","og_url":"https:\/\/www.dianisealodge.de\/de\/essen\/beach-bar-de\/","og_site_name":"Diani Sea Lodge","article_publisher":"https:\/\/web.facebook.com\/DianiSeaLodge\/","article_modified_time":"2018-11-27T05:41:56+00:00","og_image":[{"url":"https:\/\/www.dianisealodge.de\/media\/2018\/11\/GOPR0389.jpg","type":"","width":"","height":""}],"twitter_card":"summary_large_image","twitter_site":"@DianiSeaLodge","twitter_misc":{"Gesch\u00e4tzte Lesezeit":"1\u00a0Minute"},"schema":{"@context":"https:\/\/schema.org","@graph":[{"@type":"WebPage","@id":"https:\/\/www.dianisealodge.de\/de\/essen\/beach-bar-de\/","url":"https:\/\/www.dianisealodge.de\/de\/essen\/beach-bar-de\/","name":"Beach Bar - Diani Sea Lodge","isPartOf":{"@id":"https:\/\/www.dianisealodge.de\/#website"},"primaryImageOfPage":{"@id":"https:\/\/www.dianisealodge.de\/de\/essen\/beach-bar-de\/#primaryimage"},"image":{"@id":"https:\/\/www.dianisealodge.de\/de\/essen\/beach-bar-de\/#primaryimage"},"thumbnailUrl":"https:\/\/www.dianisealodge.de\/media\/2018\/11\/GOPR0389.jpg","datePublished":"2018-07-04T17:35:15+00:00","dateModified":"2018-11-27T05:41:56+00:00","breadcrumb":{"@id":"https:\/\/www.dianisealodge.de\/de\/essen\/beach-bar-de\/#breadcrumb"},"inLanguage":"de","potentialAction":[{"@type":"ReadAction","target":["https:\/\/www.dianisealodge.de\/de\/essen\/beach-bar-de\/"]}]},{"@type":"ImageObject","inLanguage":"de","@id":"https:\/\/www.dianisealodge.de\/de\/essen\/beach-bar-de\/#primaryimage","url":"https:\/\/www.dianisealodge.de\/media\/2018\/11\/GOPR0389.jpg","contentUrl":"https:\/\/www.dianisealodge.de\/media\/2018\/11\/GOPR0389.jpg"},{"@type":"BreadcrumbList","@id":"https:\/\/www.dianisealodge.de\/de\/essen\/beach-bar-de\/#breadcrumb","itemListElement":[{"@type":"ListItem","position":1,"name":"Home","item":"https:\/\/www.dianisealodge.de\/"},{"@type":"ListItem","position":2,"name":"Essen","item":"https:\/\/www.dianisealodge.de\/de\/essen\/"},{"@type":"ListItem","position":3,"name":"Beach Bar"}]},{"@type":"WebSite","@id":"https:\/\/www.dianisealodge.de\/#website","url":"https:\/\/www.dianisealodge.de\/","name":"Diani Sea Lodge","description":"","potentialAction":[{"@type":"SearchAction","target":{"@type":"EntryPoint","urlTemplate":"https:\/\/www.dianisealodge.de\/?s={search_term_string}"},"query-input":{"@type":"PropertyValueSpecification","valueRequired":true,"valueName":"search_term_string"}}],"inLanguage":"de"}]}},"_links":{"self":[{"href":"https:\/\/www.dianisealodge.de\/de\/wp-json\/wp\/v2\/pages\/153","targetHints":{"allow":["GET"]}}],"collection":[{"href":"https:\/\/www.dianisealodge.de\/de\/wp-json\/wp\/v2\/pages"}],"about":[{"href":"https:\/\/www.dianisealodge.de\/de\/wp-json\/wp\/v2\/types\/page"}],"author":[{"embeddable":true,"href":"https:\/\/www.dianisealodge.de\/de\/wp-json\/wp\/v2\/users\/2"}],"replies":[{"embeddable":true,"href":"https:\/\/www.dianisealodge.de\/de\/wp-json\/wp\/v2\/comments?post=153"}],"version-history":[{"count":0,"href":"https:\/\/www.dianisealodge.de\/de\/wp-json\/wp\/v2\/pages\/153\/revisions"}],"up":[{"embeddable":true,"href":"https:\/\/www.dianisealodge.de\/de\/wp-json\/wp\/v2\/pages\/129"}],"wp:attachment":[{"href":"https:\/\/www.dianisealodge.de\/de\/wp-json\/wp\/v2\/media?parent=153"}],"curies":[{"name":"wp","href":"https:\/\/api.w.org\/{rel}","templated":true}]}}